{"id":117,"date":"2019-08-26T13:33:46","date_gmt":"2019-08-26T11:33:46","guid":{"rendered":"https:\/\/cesarmauri.com\/?page_id=117"},"modified":"2020-01-15T10:39:08","modified_gmt":"2020-01-15T09:39:08","slug":"contactar","status":"publish","type":"page","link":"https:\/\/cesarmauri.com\/es\/contactar\/","title":{"rendered":"Contactar"},"content":{"rendered":"\n<p>Hablemos de tu proyecto. Por favor, proporciona cuantos m\u00e1s detalles mejor. Rellena el siguiente formulario y me pondr\u00e9 en contacto contigo lo antes posible.<\/p>\n\n\n\n<div class=\"wpcf7 no-js\" id=\"wpcf7-f116-o1\" lang=\"es-ES\" dir=\"ltr\" data-wpcf7-id=\"116\">\n<div class=\"screen-reader-response\"><p role=\"status\" aria-live=\"polite\" aria-atomic=\"true\"><\/p> <ul><\/ul><\/div>\n<form action=\"\/es\/wp-json\/wp\/v2\/pages\/117#wpcf7-f116-o1\" method=\"post\" class=\"wpcf7-form init\" aria-label=\"Formulario de contacto\" novalidate=\"novalidate\" data-status=\"init\">\n<fieldset class=\"hidden-fields-container\"><input type=\"hidden\" name=\"_wpcf7\" value=\"116\" \/><input type=\"hidden\" name=\"_wpcf7_version\" value=\"6.1.5\" \/><input type=\"hidden\" name=\"_wpcf7_locale\" value=\"es_ES\" \/><input type=\"hidden\" name=\"_wpcf7_unit_tag\" value=\"wpcf7-f116-o1\" \/><input type=\"hidden\" name=\"_wpcf7_container_post\" value=\"0\" \/><input type=\"hidden\" name=\"_wpcf7_posted_data_hash\" value=\"\" \/><input type=\"hidden\" name=\"_wpcf7_recaptcha_response\" value=\"\" \/>\n<\/fieldset>\n<p><label> Nombre (requerido)<br \/>\n<span class=\"wpcf7-form-control-wrap\" data-name=\"your-name\"><input size=\"40\" maxlength=\"400\" class=\"wpcf7-form-control wpcf7-text wpcf7-validates-as-required\" aria-required=\"true\" aria-invalid=\"false\" value=\"\" type=\"text\" name=\"your-name\" \/><\/span> <\/label>\n<\/p>\n<p><label> Correo electr\u00f3nico (requerido)<br \/>\n<span class=\"wpcf7-form-control-wrap\" data-name=\"your-email\"><input size=\"40\" maxlength=\"400\" class=\"wpcf7-form-control wpcf7-email wpcf7-validates-as-required wpcf7-text wpcf7-validates-as-email\" aria-required=\"true\" aria-invalid=\"false\" value=\"\" type=\"email\" name=\"your-email\" \/><\/span> <\/label>\n<\/p>\n<p><span id=\"wpcf7-69e8aa5815ffc-wrapper\" class=\"wpcf7-form-control-wrap website-wrap\" style=\"display:none !important; visibility:hidden !important;\"><label for=\"wpcf7-69e8aa5815ffc-field\" class=\"hp-message\">Por favor, deja este campo vac\u00edo.<\/label><input id=\"wpcf7-69e8aa5815ffc-field\"  class=\"wpcf7-form-control wpcf7-text\" type=\"text\" name=\"website\" value=\"\" size=\"40\" tabindex=\"-1\" autocomplete=\"new-password\" \/><\/span>\n<\/p>\n<p><label> Mensaje (requerido)<br \/>\n<span class=\"wpcf7-form-control-wrap\" data-name=\"your-message\"><textarea cols=\"40\" rows=\"10\" maxlength=\"2000\" class=\"wpcf7-form-control wpcf7-textarea wpcf7-validates-as-required\" aria-required=\"true\" aria-invalid=\"false\" name=\"your-message\"><\/textarea><\/span> <\/label>\n<\/p>\n<p><span class=\"wpcf7-form-control-wrap\" data-name=\"your-consent\"><span class=\"wpcf7-form-control wpcf7-acceptance\"><span class=\"wpcf7-list-item\"><label><input type=\"checkbox\" name=\"your-consent\" value=\"1\" aria-invalid=\"false\" \/><span class=\"wpcf7-list-item-label\">Accepto la <a href=\"\/aviso-legal\" target=\"_blank\">pol\u00edtica de privacidad<\/a>.<\/span><\/label><\/span><\/span><\/span>\n<\/p>\n<p><input class=\"wpcf7-form-control wpcf7-submit has-spinner\" type=\"submit\" value=\"Enviar\" \/>\n<\/p><div class=\"wpcf7-response-output\" aria-hidden=\"true\"><\/div>\n<\/form>\n<\/div>\n\n","protected":false},"excerpt":{"rendered":"<p>Hablemos de tu proyecto. Por favor, proporciona cuantos m\u00e1s detalles mejor. Rellena el siguiente formulario y me pondr\u00e9 en contacto contigo lo antes posible.<\/p>\n","protected":false},"author":1,"featured_media":0,"parent":0,"menu_order":0,"comment_status":"closed","ping_status":"closed","template":"","meta":{"footnotes":""},"class_list":["post-117","page","type-page","status-publish"],"featured_image_src":null,"yoast_head":"<!-- This site is optimized with the Yoast SEO plugin v27.1.1 - https:\/\/yoast.com\/product\/yoast-seo-wordpress\/ -->\n<title>Contactar - C\u00e9sar Mauri<\/title>\n<meta name=\"description\" content=\"Rellena el siguiente formulario y me pondr\u00e9 en contacto contigo. Cuanta m\u00e1s informaci\u00f3n me proporciones, mejor te podr\u00e9 responder.\" \/>\n<meta name=\"robots\" content=\"index, follow, max-snippet:-1, max-image-preview:large, max-video-preview:-1\" \/>\n<link rel=\"canonical\" href=\"https:\/\/cesarmauri.com\/es\/contactar\/\" \/>\n<meta property=\"og:locale\" content=\"es_ES\" \/>\n<meta property=\"og:type\" content=\"article\" \/>\n<meta property=\"og:title\" content=\"Contactar - C\u00e9sar Mauri\" \/>\n<meta property=\"og:description\" content=\"Rellena el siguiente formulario y me pondr\u00e9 en contacto contigo. Cuanta m\u00e1s informaci\u00f3n me proporciones, mejor te podr\u00e9 responder.\" \/>\n<meta property=\"og:url\" content=\"https:\/\/cesarmauri.com\/es\/contactar\/\" \/>\n<meta property=\"og:site_name\" content=\"C\u00e9sar Mauri\" \/>\n<meta property=\"article:modified_time\" content=\"2020-01-15T09:39:08+00:00\" \/>\n<meta name=\"twitter:card\" content=\"summary_large_image\" \/>\n<script type=\"application\/ld+json\" class=\"yoast-schema-graph\">{\"@context\":\"https:\/\/schema.org\",\"@graph\":[{\"@type\":\"WebPage\",\"@id\":\"https:\/\/cesarmauri.com\/es\/contactar\/\",\"url\":\"https:\/\/cesarmauri.com\/es\/contactar\/\",\"name\":\"Contactar - C\u00e9sar Mauri\",\"isPartOf\":{\"@id\":\"https:\/\/cesarmauri.com\/es\/#website\"},\"datePublished\":\"2019-08-26T11:33:46+00:00\",\"dateModified\":\"2020-01-15T09:39:08+00:00\",\"description\":\"Rellena el siguiente formulario y me pondr\u00e9 en contacto contigo. Cuanta m\u00e1s informaci\u00f3n me proporciones, mejor te podr\u00e9 responder.\",\"breadcrumb\":{\"@id\":\"https:\/\/cesarmauri.com\/es\/contactar\/#breadcrumb\"},\"inLanguage\":\"es\",\"potentialAction\":[{\"@type\":\"ReadAction\",\"target\":[\"https:\/\/cesarmauri.com\/es\/contactar\/\"]}]},{\"@type\":\"BreadcrumbList\",\"@id\":\"https:\/\/cesarmauri.com\/es\/contactar\/#breadcrumb\",\"itemListElement\":[{\"@type\":\"ListItem\",\"position\":1,\"name\":\"Portada\",\"item\":\"https:\/\/cesarmauri.com\/es\/\"},{\"@type\":\"ListItem\",\"position\":2,\"name\":\"Contactar\"}]},{\"@type\":\"WebSite\",\"@id\":\"https:\/\/cesarmauri.com\/es\/#website\",\"url\":\"https:\/\/cesarmauri.com\/es\/\",\"name\":\"C\u00e9sar Mauri\",\"description\":\"Ingeniero de software freelance\",\"potentialAction\":[{\"@type\":\"SearchAction\",\"target\":{\"@type\":\"EntryPoint\",\"urlTemplate\":\"https:\/\/cesarmauri.com\/es\/?s={search_term_string}\"},\"query-input\":{\"@type\":\"PropertyValueSpecification\",\"valueRequired\":true,\"valueName\":\"search_term_string\"}}],\"inLanguage\":\"es\"}]}<\/script>\n<!-- \/ Yoast SEO plugin. -->","yoast_head_json":{"title":"Contactar - C\u00e9sar Mauri","description":"Rellena el siguiente formulario y me pondr\u00e9 en contacto contigo. Cuanta m\u00e1s informaci\u00f3n me proporciones, mejor te podr\u00e9 responder.","robots":{"index":"index","follow":"follow","max-snippet":"max-snippet:-1","max-image-preview":"max-image-preview:large","max-video-preview":"max-video-preview:-1"},"canonical":"https:\/\/cesarmauri.com\/es\/contactar\/","og_locale":"es_ES","og_type":"article","og_title":"Contactar - C\u00e9sar Mauri","og_description":"Rellena el siguiente formulario y me pondr\u00e9 en contacto contigo. Cuanta m\u00e1s informaci\u00f3n me proporciones, mejor te podr\u00e9 responder.","og_url":"https:\/\/cesarmauri.com\/es\/contactar\/","og_site_name":"C\u00e9sar Mauri","article_modified_time":"2020-01-15T09:39:08+00:00","twitter_card":"summary_large_image","schema":{"@context":"https:\/\/schema.org","@graph":[{"@type":"WebPage","@id":"https:\/\/cesarmauri.com\/es\/contactar\/","url":"https:\/\/cesarmauri.com\/es\/contactar\/","name":"Contactar - C\u00e9sar Mauri","isPartOf":{"@id":"https:\/\/cesarmauri.com\/es\/#website"},"datePublished":"2019-08-26T11:33:46+00:00","dateModified":"2020-01-15T09:39:08+00:00","description":"Rellena el siguiente formulario y me pondr\u00e9 en contacto contigo. Cuanta m\u00e1s informaci\u00f3n me proporciones, mejor te podr\u00e9 responder.","breadcrumb":{"@id":"https:\/\/cesarmauri.com\/es\/contactar\/#breadcrumb"},"inLanguage":"es","potentialAction":[{"@type":"ReadAction","target":["https:\/\/cesarmauri.com\/es\/contactar\/"]}]},{"@type":"BreadcrumbList","@id":"https:\/\/cesarmauri.com\/es\/contactar\/#breadcrumb","itemListElement":[{"@type":"ListItem","position":1,"name":"Portada","item":"https:\/\/cesarmauri.com\/es\/"},{"@type":"ListItem","position":2,"name":"Contactar"}]},{"@type":"WebSite","@id":"https:\/\/cesarmauri.com\/es\/#website","url":"https:\/\/cesarmauri.com\/es\/","name":"C\u00e9sar Mauri","description":"Ingeniero de software freelance","potentialAction":[{"@type":"SearchAction","target":{"@type":"EntryPoint","urlTemplate":"https:\/\/cesarmauri.com\/es\/?s={search_term_string}"},"query-input":{"@type":"PropertyValueSpecification","valueRequired":true,"valueName":"search_term_string"}}],"inLanguage":"es"}]}},"_links":{"self":[{"href":"https:\/\/cesarmauri.com\/es\/wp-json\/wp\/v2\/pages\/117","targetHints":{"allow":["GET"]}}],"collection":[{"href":"https:\/\/cesarmauri.com\/es\/wp-json\/wp\/v2\/pages"}],"about":[{"href":"https:\/\/cesarmauri.com\/es\/wp-json\/wp\/v2\/types\/page"}],"author":[{"embeddable":true,"href":"https:\/\/cesarmauri.com\/es\/wp-json\/wp\/v2\/users\/1"}],"replies":[{"embeddable":true,"href":"https:\/\/cesarmauri.com\/es\/wp-json\/wp\/v2\/comments?post=117"}],"version-history":[{"count":9,"href":"https:\/\/cesarmauri.com\/es\/wp-json\/wp\/v2\/pages\/117\/revisions"}],"predecessor-version":[{"id":288,"href":"https:\/\/cesarmauri.com\/es\/wp-json\/wp\/v2\/pages\/117\/revisions\/288"}],"wp:attachment":[{"href":"https:\/\/cesarmauri.com\/es\/wp-json\/wp\/v2\/media?parent=117"}],"curies":[{"name":"wp","href":"https:\/\/api.w.org\/{rel}","templated":true}]}}