{"id":248,"date":"2019-11-10T22:35:57","date_gmt":"2019-11-10T21:35:57","guid":{"rendered":"https:\/\/cesarmauri.com\/?page_id=248"},"modified":"2019-11-18T20:49:19","modified_gmt":"2019-11-18T19:49:19","slug":"aviso-legal","status":"publish","type":"page","link":"https:\/\/cesarmauri.com\/es\/aviso-legal\/","title":{"rendered":"Aviso legal"},"content":{"rendered":"\n<p>Ponemos a disposici\u00f3n de los usuarios el presente documento, con el que pretendemos dar cumplimiento a las obligaciones dispuestas en la Ley 34\/2002, de 11 de julio, de Servicios de la Sociedad de la Informaci\u00f3n y del Comercio Electr\u00f3nico (LSSICE), BOE N\u00ba 166, as\u00ed como informar a todos los usuarios del sitio web respecto a cu\u00e1les son las condiciones de uso.<\/p>\n\n\n\n<p>Toda persona que acceda a este sitio web asume el papel de usuario, comprometi\u00e9ndose a la observancia y cumplimiento riguroso de las disposiciones aqu\u00ed dispuestas, as\u00ed como a cualquier otra disposici\u00f3n legal que fuera de aplicaci\u00f3n.<\/p>\n\n\n\n<p>La direcci\u00f3n del sitio web es https:\/\/cesarmauri.com. El titular del sitio es Cesar Mauri Loba, 77834149X, C\/ Sant Isidre 4, Constant\u00ed (Tarragona), email: info@cesarmauri.com.<\/p>\n\n\n\n<h2 class=\"wp-block-heading\">Pol\u00edtica de privacidad<\/h2>\n\n\n\n<p>Cesar Mauri Loba (en adelante RESPONSABLE o \u00abnosotros\u00bb), es el Responsable del tratamiento de los datos personales del Usuario y le informa que estos datos ser\u00e1n tratados de conformidad con lo dispuesto en el Reglamento (UE) 2016\/679 de 27 de abril (GDPR) y la Ley Org\u00e1nica 3\/2018 de 5 de diciembre (LOPDGDD), por lo que se le facilita la siguiente informaci\u00f3n del tratamiento:<\/p>\n\n\n\n<p>Fin del tratamiento: mantener una relaci\u00f3n comercial con el Usuario. Las operaciones previstas para realizar el tratamiento son: Remisi\u00f3n de comunicaciones comerciales publicitarias por email, fax, SMS, MMS, comunidades sociales o cualquier otro medio electr\u00f3nico o f\u00edsico, presente o futuro, que posibilite realizar comunicaciones comerciales. Estas comunicaciones ser\u00e1n realizadas por el RESPONSABLE y relacionadas sobre sus productos y servicios, o de sus colaboradores o proveedores con los que \u00e9ste haya alcanzado alg\u00fan acuerdo de promoci\u00f3n. En este caso, los terceros nunca tendr\u00e1n acceso a los datos personales. Realizar estudios estad\u00edsticos. Tramitar encargos, solicitudes o cualquier tipo de petici\u00f3n que sea realizada por el usuario a trav\u00e9s de cualquiera de las formas de contacto que se ponen a su disposici\u00f3n. Remitir el bolet\u00edn de noticias de la p\u00e1gina web.<\/p>\n\n\n\n<p>Criterios de conservaci\u00f3n de los datos. Los datos personales proporcionados a trav\u00e9s del sitio web cesarmauri.com se conservar\u00e1n durante un periodo de 10 a\u00f1os partir de la \u00faltima confirmaci\u00f3n de su inter\u00e9s. Tambi\u00e9n se conservar\u00e1n mientras se mantenga la relaci\u00f3n mercantil. Se suprimir\u00e1n con medidas de seguridad adecuadas para garantizar la seudonimizaci\u00f3n de los datos o la destrucci\u00f3n total de los mismos.<\/p>\n\n\n\n<p>Base jur\u00eddica del tratamiento: consentimiento del interesado.<\/p>\n\n\n\n<p>Comunicaci\u00f3n de los datos: No se comunicar\u00e1n los datos a terceros, salvo obligaci\u00f3n legal.<\/p>\n\n\n\n<p>Derechos que asisten al Usuario: Derecho a retirar el consentimiento en cualquier momento. Derecho de acceso, rectificaci\u00f3n, portabilidad y supresi\u00f3n de sus datos y a la limitaci\u00f3n u oposici\u00f3n al su tratamiento. Derecho a presentar una reclamaci\u00f3n ante la autoridad de control (www.aepd.es) si considera que el tratamiento no se ajusta a la normativa vigente.<\/p>\n\n\n\n<p>Los Usuarios, mediante la marcaci\u00f3n de las casillas correspondientes y entrada de datos en los campos, marcados con un asterisco (*) en el formulario de contacto o presentados en formularios de descarga, aceptan expresamente y de forma libre e inequ\u00edvoca, que sus datos son necesarios para atender su petici\u00f3n, por parte del prestador, siendo voluntaria la inclusi\u00f3n de datos en los campos restantes. El Usuario garantiza que los datos personales facilitados al RESPONSABLE son veraces y se hace responsable de comunicar cualquier modificaci\u00f3n de los mismos.<\/p>\n\n\n\n<p>El RESPONSABLE informa y garantiza expresamente a los usuarios que sus datos personales no ser\u00e1n cedidos en ning\u00fan caso a terceros, y que siempre que realizara alg\u00fan tipo de cesi\u00f3n de datos personales, se pedir\u00e1 previamente el consentimiento expreso, informado e inequ\u00edvoco por parte los Usuarios. Todos los datos solicitados a trav\u00e9s del sitio web son obligatorios, ya que son necesarios para la prestaci\u00f3n de un servicio \u00f3ptimo al Usuario. En caso de que no sean facilitados todos los datos, no se garantiza que la informaci\u00f3n y servicios facilitados sean completamente ajustados a sus necesidades.<\/p>\n\n\n\n<p>De conformidad con lo dispuesto en las normativas vigentes en protecci\u00f3n de datos personales, el RESPONSABLE est\u00e1 cumpliendo con todas las disposiciones de las normativas GDPR para el tratamiento de los datos personales de su responsabilidad, y manifiestamente con los principios descritos en el art\u00edculo 5 del GDPR, por los cuales son tratados de manera l\u00edcita, leal y transparente en relaci\u00f3n con el interesado y adecuados, pertinentes y limitados a lo necesario en relaci\u00f3n con los fines para los que son tratados.<\/p>\n\n\n\n<p>El RESPONSABLE garantiza que ha implementado pol\u00edticas t\u00e9cnicas y organizativas apropiadas para aplicar las medidas de seguridad que establecen el GDPR con el fin de proteger los derechos y libertades de los Usuarios y les ha comunicado la informaci\u00f3n adecuada para que puedan ejercerlos.<\/p>\n\n\n\n<h2 class=\"wp-block-heading\">Pol\u00edtica de cookies<\/h2>\n\n\n\n<p>Esta Pol\u00edtica de cookies explica qu\u00e9 son las cookies y c\u00f3mo las usamos. Debe leer esta pol\u00edtica para comprender qu\u00e9 son las cookies, c\u00f3mo las utilizamos, los tipos de cookies que utilizamos, es decir, la informaci\u00f3n que recopilamos utilizando cookies y c\u00f3mo se utiliza esa informaci\u00f3n y c\u00f3mo controlar las preferencias de las cookies. Para obtener m\u00e1s informaci\u00f3n sobre c\u00f3mo usamos, almacenamos y mantenemos seguros sus datos personales, consulte nuestra Pol\u00edtica de privacidad.<\/p>\n\n\n\n<p>En cualquier momento puede cambiar o retirar su consentimiento de la Declaraci\u00f3n de cookies en nuestro sitio web.<\/p>\n\n\n\n<p>Su consentimiento se aplica a los siguientes dominios: <a href=\"https:\/\/cesarmauri.com\/en\">cesarmauri.com<\/a><\/p>\n\n\n\n<p>\u00bfQu\u00e9 son las cookies? Las cookies son peque\u00f1os archivos de texto que se utilizan para almacenar peque\u00f1as piezas de informaci\u00f3n. Las cookies se almacenan en su dispositivo cuando el sitio web se carga en su navegador. Estas cookies nos ayudan a hacer que el sitio web funcione correctamente, hacer que el sitio web sea m\u00e1s seguro, proporcionar una mejor experiencia de usuario y comprender c\u00f3mo funciona el sitio web y analizar qu\u00e9 funciona y d\u00f3nde necesita mejorar.<\/p>\n\n\n\n<p>\u00bfC\u00f3mo usamos las cookies? Como la mayor\u00eda de los servicios en l\u00ednea, nuestro sitio web utiliza cookies propias y de terceros para una serie de prop\u00f3sitos. Las cookies de origen son principalmente necesarias para que el sitio web funcione de la manera correcta, y no recopilan ninguno de sus datos de identificaci\u00f3n personal. Las cookies de terceros utilizadas en nuestros sitios web se utilizan principalmente para comprender el rendimiento del sitio web, c\u00f3mo interact\u00faa con nuestro sitio web, mantener nuestros servicios seguros, proporcionarle anuncios que sean relevantes para usted y, en general, proporcionarle una mejor y mejor experiencia de usuario y ayuda a acelerar sus futuras interacciones con nuestro sitio web.<\/p>\n\n\n\n<p>\u00bfQu\u00e9 tipos de cookies utilizamos? Esencial: algunas cookies son esenciales para que pueda experimentar la funcionalidad completa de nuestro sitio. Nos permiten mantener sesiones de usuario y evitar amenazas de seguridad. No recopilan ni almacenan ninguna informaci\u00f3n personal. Por ejemplo, estas cookies le permiten iniciar sesi\u00f3n en su cuenta y agregar productos a su cesta y pagar de forma segura. Estad\u00edsticas: estas cookies almacenan informaci\u00f3n como el n\u00famero de visitantes del sitio web, el n\u00famero de visitantes \u00fanicos, qu\u00e9 p\u00e1ginas del sitio web han sido visitadas, la fuente de la visita, etc. Estos datos nos ayudan a comprender y analizar qu\u00e9 tan bien funciona el sitio web y donde necesita mejorar. Marketing: nuestro sitio web muestra anuncios. Estas cookies se utilizan para personalizar los anuncios que le mostramos para que sean significativos para usted. Estas cookies tambi\u00e9n nos ayudan a realizar un seguimiento de la eficacia de estas campa\u00f1as publicitarias. La informaci\u00f3n almacenada en estas cookies tambi\u00e9n puede ser utilizada por proveedores de publicidad externos para mostrarle anuncios en otros sitios web en el navegador. Funcional: Estas son las cookies que ayudan a ciertas funcionalidades no esenciales en nuestro sitio web. Estas funcionalidades incluyen incrustar contenido como videos o compartir contenido en el sitio web en plataformas de redes sociales. Preferencias: estas cookies nos ayudan a almacenar su configuraci\u00f3n y preferencias de navegaci\u00f3n, como las preferencias de idioma, para que tenga una mejor y m\u00e1s eficiente experiencia en futuras visitas al sitio web.<\/p>\n\n\n<p>The below list details the cookies used in our website.<\/p><table class=\"cookielawinfo-row-cat-table cookielawinfo-classic\"><thead><tr><th class=\"cookielawinfo-column-1\">Cookie<\/th><th class=\"cookielawinfo-column-4\">Descripci\u00f3n<\/th><\/tr><\/thead><tbody><tr class=\"cookielawinfo-row\"><td class=\"cookielawinfo-column-1\">cookielawinfo-checkbox-necessary<\/td><td class=\"cookielawinfo-column-4\">Cookie que realiza un seguimiento de las cookies que has aprobado.<\/td><\/tr><tr class=\"cookielawinfo-row\"><td class=\"cookielawinfo-column-1\">cookielawinfo-checkbox-non-necessary<\/td><td class=\"cookielawinfo-column-4\">Cookie que realiza un seguimiento de las cookies que has aprobado.<\/td><\/tr><tr class=\"cookielawinfo-row\"><td class=\"cookielawinfo-column-1\">viewed_cookie_policy<\/td><td class=\"cookielawinfo-column-4\">Esta cookie controla si ha le\u00eddo nuestra Pol\u00edtica de cookies en cesarmauri.com. Los valores posibles son s\u00ed y no.<\/td><\/tr><tr class=\"cookielawinfo-row\"><td class=\"cookielawinfo-column-1\">wordpress_test_cookie<\/td><td class=\"cookielawinfo-column-4\">Cookie para verificar si las cookies est\u00e1n habilitadas en el navegador para proporcionar una experiencia de usuario adecuada a los usuarios.<\/td><\/tr><tr class=\"cookielawinfo-row\"><td class=\"cookielawinfo-column-1\">_ga<\/td><td class=\"cookielawinfo-column-4\"><a href=\"https:\/\/policies.google.com\/privacy\">Google Tag Manager<\/a>. Registra una identificaci\u00f3n \u00fanica que se utiliza para generar datos estad\u00edsticos sobre c\u00f3mo el visitante utiliza el sitio web.<\/td><\/tr><tr class=\"cookielawinfo-row\"><td class=\"cookielawinfo-column-1\">_gat<\/td><td class=\"cookielawinfo-column-4\">Es una cookie de google analytics que se utiliza para diferenciar entre los diferentes objetos de seguimiento creados en la sesi\u00f3n. La cookie caduca a los diez minutos y se actualiza cada vez que env\u00eda los datos a Google Analytics. Se elimina al cerrar el navegador.<\/td><\/tr><tr class=\"cookielawinfo-row\"><td class=\"cookielawinfo-column-1\">_gid<\/td><td class=\"cookielawinfo-column-4\"><a href=\"https:\/\/policies.google.com\/privacy\">Google Tag Manager<\/a>. Registra una identificaci\u00f3n \u00fanica que se utiliza para generar datos estad\u00edsticos sobre c\u00f3mo el visitante utiliza el sitio web.<\/td><\/tr><\/tbody><\/table>\n\n\n\n<p>\u00bfC\u00f3mo puedo controlar las preferencias de cookies? Si decide cambiar sus preferencias m\u00e1s adelante a trav\u00e9s de su sesi\u00f3n de navegaci\u00f3n, puede hacer clic en el enlace \u00abAviso legal\u00bb en su pantalla. Esto mostrar\u00e1 el aviso de consentimiento nuevamente, permiti\u00e9ndole cambiar sus preferencias o retirar su consentimiento por completo.<\/p>\n\n\n<div class=\"cli_user_consent_state\">Tu estado actual: No se ha dado el consentimiento. <a class=\"cli_manage_current_consent\" style=\"cursor:pointer;text-decoration:underline;\">Gestiona tu consentimiento.<\/a> <\/div>\n\n\n\n<p>Adem\u00e1s de esto, diferentes navegadores proporcionan diferentes m\u00e9todos para bloquear y eliminar las cookies utilizadas por los sitios web. Puede cambiar la configuraci\u00f3n de su navegador para bloquear \/ eliminar las cookies. Para obtener m\u00e1s informaci\u00f3n sobre c\u00f3mo administrar y eliminar cookies, visite wikipedia.org, <a rel=\"noreferrer noopener\" href=\"http:\/\/www.allaboutcookies.org\/\" target=\"_blank\">www.allaboutcookies.org.<\/a><\/p>\n\n\n\n<h2 class=\"wp-block-heading\">Exenci\u00f3n de responsabilidad <\/h2>\n\n\n\n<p>El RESPONSABLE mantiene este sitio web para mejorar el acceso p\u00fablico a la informaci\u00f3n sobre sus actividades. Nuestro objetivo es mantener esta informaci\u00f3n oportuna y precisa. Si se nos indica la presencia de errores, intentaremos corregirlos. Sin embargo, no aceptamos ninguna responsabilidad u obligaci\u00f3n con respecto a la informaci\u00f3n en este sitio.<\/p>\n\n\n\n<p>Desde el sitio web, es posible que se redirija a contenidos de terceros sitios web. Dado que el RESPONSABLE no puede controlar siempre los contenidos introducidos por los terceros en sus respectivos sitios web, no asume ning\u00fan tipo de responsabilidad respecto a dichos contenidos. En todo caso, proceder\u00e1 a la retirada inmediata de cualquier contenido que pudiera contravenir la legislaci\u00f3n nacional o internacional, la moral o el orden p\u00fablico, procediendo a la retirada inmediata de la redirecci\u00f3n a dicho sitio web, poniendo en conocimiento de las autoridades competentes el contenido en cuesti\u00f3n.&nbsp;<\/p>\n\n\n\n<p>No nos hacemos responsable de la informaci\u00f3n y contenidos almacenados, a t\u00edtulo enunciativo pero no limitativo, en foros, chats, generadores de blogs, comentarios, redes sociales o cualquier otro medio que permita a terceros publicar contenidos de forma independiente en la p\u00e1gina web del responsable. Sin embargo, y en cumplimiento de lo dispuesto en los art\u00edculos 11 y 16 de la LSSICE, se pone a disposici\u00f3n de todos los usuarios, autoridades y fuerzas de seguridad, colaborando de forma activa en la retirada o, en su caso, bloqueo de todos aquellos contenidos que puedan afectar o contravenir la legislaci\u00f3n nacional o internacional, los derechos de terceros o la moral y el orden p\u00fablico. En caso de que el usuario considere que existe en el sitio web alg\u00fan contenido que pudiera ser susceptible de esta clasificaci\u00f3n, se ruega lo notifique de forma inmediata al administrador del sitio web. <\/p>\n\n\n\n<p><\/p>\n\n\n\n<p>El RESPONSABLE se reserva el derecho de modificar cualquier tipo de informaci\u00f3n que pueda aparecer en el sitio web, sin que exista la obligaci\u00f3n de preavisar o informar a los usuarios, entendi\u00e9ndose como suficiente con la publicaci\u00f3n en el sitio.<\/p>\n\n\n\n<h2 class=\"wp-block-heading\">Propiedad intelectual<\/h2>\n\n\n\n<p>El sitio web, incluyendo a titulo enunciativo pero no limitativo su programaci\u00f3n, edici\u00f3n, compilaci\u00f3n y dem\u00e1s elementos necesarios para su funcionamiento, los dise\u00f1os, logotipos, texto y\/o gr\u00e1ficos, son propiedad del RESPONSABLE o, si es el caso, dispone de licencia o autorizaci\u00f3n expresa por parte de los autores. Todos los contenidos del sitio web se encuentran debidamente protegidos por la normativa de propiedad intelectual e industrial, as\u00ed como inscritos en los registros p\u00fablicos correspondientes. <\/p>\n\n\n\n<p>Independientemente de la finalidad para la que fueran destinados, la reproducci\u00f3n total o parcial, uso, explotaci\u00f3n, distribuci\u00f3n y comercializaci\u00f3n, requiere en todo caso de la autorizaci\u00f3n escrita previa por parte del RESPONSABLE. Cualquier uso no autorizado previamente se considera un incumplimiento grave de los derechos de propiedad intelectual o industrial del autor. <\/p>\n\n\n\n<p>Los dise\u00f1os, logotipos, texto y\/o gr\u00e1ficos ajenos al RESPONSABLE y que pudieran aparecer en el sitio web, pertenecen a sus respectivos propietarios, siendo ellos mismos responsables de cualquier posible controversia que pudiera suscitarse respecto a los mismos. RESPONSABLE autoriza expresamente a que terceros puedan redirigir directamente a los contenidos concretos del sitio web, y en todo caso redirigir al sitio web principal.<\/p>\n\n\n\n<p>El RESPONSABLE reconoce a favor de sus titulares los correspondientes derechos de propiedad intelectual e industrial, no implicando su sola menci\u00f3n o aparici\u00f3n en el sitio web la existencia de derechos o responsabilidad alguna sobre los mismos, como tampoco respaldo, patrocinio o recomendaci\u00f3n por parte del mismo.<\/p>\n\n\n\n<p>Para realizar cualquier tipo de observaci\u00f3n respecto a posibles incumplimientos de los derechos de propiedad intelectual o industrial, as\u00f3 como sobre cualquiera de los contenidos del sitio web, puede hacerlo a trav\u00e9s del correo electr\u00f3nico info@cesarmauri.com .<\/p>\n\n\n\n<h2 class=\"wp-block-heading\">Ley aplicable y jurisdicci\u00f3n<\/h2>\n\n\n\n<p>Para la resoluci\u00f3n de todas las controversias o cuestiones relacionadas con el presente sitio web o de las actividades en \u00e9l desarrolladas, ser\u00e1 de aplicaci\u00f3n la legislaci\u00f3n espa\u00f1ola, a la que se someten expresamente las partes, siendo competentes para la resoluci\u00f3n de todos los conflictos derivados o relacionados con su uso los Juzgados y Tribunales m\u00e1s cercanos a Constant\u00ed.<\/p>\n","protected":false},"excerpt":{"rendered":"<p>Ponemos a disposici\u00f3n de los usuarios el presente documento, con el que pretendemos dar cumplimiento a las obligaciones dispuestas en la Ley 34\/2002, de 11 de julio, de Servicios de la Sociedad de la Informaci\u00f3n y del Comercio Electr\u00f3nico (LSSICE), BOE N\u00ba 166, as\u00ed como informar a todos los usuarios del sitio web respecto a &#8230; <a title=\"Aviso legal\" class=\"read-more\" href=\"https:\/\/cesarmauri.com\/es\/aviso-legal\/\" aria-label=\"Leer m\u00e1s sobre Aviso legal\">Leer m\u00e1s<\/a><\/p>\n","protected":false},"author":1,"featured_media":0,"parent":0,"menu_order":0,"comment_status":"closed","ping_status":"closed","template":"","meta":{"footnotes":""},"class_list":["post-248","page","type-page","status-publish"],"featured_image_src":null,"yoast_head":"<!-- This site is optimized with the Yoast SEO plugin v27.1.1 - https:\/\/yoast.com\/product\/yoast-seo-wordpress\/ -->\n<title>Aviso legal - C\u00e9sar Mauri<\/title>\n<meta name=\"robots\" content=\"index, follow, max-snippet:-1, max-image-preview:large, max-video-preview:-1\" \/>\n<link rel=\"canonical\" href=\"https:\/\/cesarmauri.com\/es\/aviso-legal\/\" \/>\n<meta property=\"og:locale\" content=\"es_ES\" \/>\n<meta property=\"og:type\" content=\"article\" \/>\n<meta property=\"og:title\" content=\"Aviso legal - C\u00e9sar Mauri\" \/>\n<meta property=\"og:description\" content=\"Ponemos a disposici\u00f3n de los usuarios el presente documento, con el que pretendemos dar cumplimiento a las obligaciones dispuestas en la Ley 34\/2002, de 11 de julio, de Servicios de la Sociedad de la Informaci\u00f3n y del Comercio Electr\u00f3nico (LSSICE), BOE N\u00ba 166, as\u00ed como informar a todos los usuarios del sitio web respecto a ... Leer m\u00e1s\" \/>\n<meta property=\"og:url\" content=\"https:\/\/cesarmauri.com\/es\/aviso-legal\/\" \/>\n<meta property=\"og:site_name\" content=\"C\u00e9sar Mauri\" \/>\n<meta property=\"article:modified_time\" content=\"2019-11-18T19:49:19+00:00\" \/>\n<meta name=\"twitter:card\" content=\"summary_large_image\" \/>\n<meta name=\"twitter:label1\" content=\"Tiempo de lectura\" \/>\n\t<meta name=\"twitter:data1\" content=\"11 minutos\" \/>\n<script type=\"application\/ld+json\" class=\"yoast-schema-graph\">{\"@context\":\"https:\/\/schema.org\",\"@graph\":[{\"@type\":\"WebPage\",\"@id\":\"https:\/\/cesarmauri.com\/es\/aviso-legal\/\",\"url\":\"https:\/\/cesarmauri.com\/es\/aviso-legal\/\",\"name\":\"Aviso legal - C\u00e9sar Mauri\",\"isPartOf\":{\"@id\":\"https:\/\/cesarmauri.com\/es\/#website\"},\"datePublished\":\"2019-11-10T21:35:57+00:00\",\"dateModified\":\"2019-11-18T19:49:19+00:00\",\"breadcrumb\":{\"@id\":\"https:\/\/cesarmauri.com\/es\/aviso-legal\/#breadcrumb\"},\"inLanguage\":\"es\",\"potentialAction\":[{\"@type\":\"ReadAction\",\"target\":[\"https:\/\/cesarmauri.com\/es\/aviso-legal\/\"]}]},{\"@type\":\"BreadcrumbList\",\"@id\":\"https:\/\/cesarmauri.com\/es\/aviso-legal\/#breadcrumb\",\"itemListElement\":[{\"@type\":\"ListItem\",\"position\":1,\"name\":\"Portada\",\"item\":\"https:\/\/cesarmauri.com\/es\/\"},{\"@type\":\"ListItem\",\"position\":2,\"name\":\"Aviso legal\"}]},{\"@type\":\"WebSite\",\"@id\":\"https:\/\/cesarmauri.com\/es\/#website\",\"url\":\"https:\/\/cesarmauri.com\/es\/\",\"name\":\"C\u00e9sar Mauri\",\"description\":\"Ingeniero de software freelance\",\"potentialAction\":[{\"@type\":\"SearchAction\",\"target\":{\"@type\":\"EntryPoint\",\"urlTemplate\":\"https:\/\/cesarmauri.com\/es\/?s={search_term_string}\"},\"query-input\":{\"@type\":\"PropertyValueSpecification\",\"valueRequired\":true,\"valueName\":\"search_term_string\"}}],\"inLanguage\":\"es\"}]}<\/script>\n<!-- \/ Yoast SEO plugin. -->","yoast_head_json":{"title":"Aviso legal - C\u00e9sar Mauri","robots":{"index":"index","follow":"follow","max-snippet":"max-snippet:-1","max-image-preview":"max-image-preview:large","max-video-preview":"max-video-preview:-1"},"canonical":"https:\/\/cesarmauri.com\/es\/aviso-legal\/","og_locale":"es_ES","og_type":"article","og_title":"Aviso legal - C\u00e9sar Mauri","og_description":"Ponemos a disposici\u00f3n de los usuarios el presente documento, con el que pretendemos dar cumplimiento a las obligaciones dispuestas en la Ley 34\/2002, de 11 de julio, de Servicios de la Sociedad de la Informaci\u00f3n y del Comercio Electr\u00f3nico (LSSICE), BOE N\u00ba 166, as\u00ed como informar a todos los usuarios del sitio web respecto a ... Leer m\u00e1s","og_url":"https:\/\/cesarmauri.com\/es\/aviso-legal\/","og_site_name":"C\u00e9sar Mauri","article_modified_time":"2019-11-18T19:49:19+00:00","twitter_card":"summary_large_image","twitter_misc":{"Tiempo de lectura":"11 minutos"},"schema":{"@context":"https:\/\/schema.org","@graph":[{"@type":"WebPage","@id":"https:\/\/cesarmauri.com\/es\/aviso-legal\/","url":"https:\/\/cesarmauri.com\/es\/aviso-legal\/","name":"Aviso legal - C\u00e9sar Mauri","isPartOf":{"@id":"https:\/\/cesarmauri.com\/es\/#website"},"datePublished":"2019-11-10T21:35:57+00:00","dateModified":"2019-11-18T19:49:19+00:00","breadcrumb":{"@id":"https:\/\/cesarmauri.com\/es\/aviso-legal\/#breadcrumb"},"inLanguage":"es","potentialAction":[{"@type":"ReadAction","target":["https:\/\/cesarmauri.com\/es\/aviso-legal\/"]}]},{"@type":"BreadcrumbList","@id":"https:\/\/cesarmauri.com\/es\/aviso-legal\/#breadcrumb","itemListElement":[{"@type":"ListItem","position":1,"name":"Portada","item":"https:\/\/cesarmauri.com\/es\/"},{"@type":"ListItem","position":2,"name":"Aviso legal"}]},{"@type":"WebSite","@id":"https:\/\/cesarmauri.com\/es\/#website","url":"https:\/\/cesarmauri.com\/es\/","name":"C\u00e9sar Mauri","description":"Ingeniero de software freelance","potentialAction":[{"@type":"SearchAction","target":{"@type":"EntryPoint","urlTemplate":"https:\/\/cesarmauri.com\/es\/?s={search_term_string}"},"query-input":{"@type":"PropertyValueSpecification","valueRequired":true,"valueName":"search_term_string"}}],"inLanguage":"es"}]}},"_links":{"self":[{"href":"https:\/\/cesarmauri.com\/es\/wp-json\/wp\/v2\/pages\/248","targetHints":{"allow":["GET"]}}],"collection":[{"href":"https:\/\/cesarmauri.com\/es\/wp-json\/wp\/v2\/pages"}],"about":[{"href":"https:\/\/cesarmauri.com\/es\/wp-json\/wp\/v2\/types\/page"}],"author":[{"embeddable":true,"href":"https:\/\/cesarmauri.com\/es\/wp-json\/wp\/v2\/users\/1"}],"replies":[{"embeddable":true,"href":"https:\/\/cesarmauri.com\/es\/wp-json\/wp\/v2\/comments?post=248"}],"version-history":[{"count":5,"href":"https:\/\/cesarmauri.com\/es\/wp-json\/wp\/v2\/pages\/248\/revisions"}],"predecessor-version":[{"id":260,"href":"https:\/\/cesarmauri.com\/es\/wp-json\/wp\/v2\/pages\/248\/revisions\/260"}],"wp:attachment":[{"href":"https:\/\/cesarmauri.com\/es\/wp-json\/wp\/v2\/media?parent=248"}],"curies":[{"name":"wp","href":"https:\/\/api.w.org\/{rel}","templated":true}]}}