{"id":302,"date":"2020-04-17T16:42:07","date_gmt":"2020-04-17T14:42:07","guid":{"rendered":"https:\/\/cesarmauri.com\/es\/?page_id=302"},"modified":"2020-04-22T11:00:40","modified_gmt":"2020-04-22T09:00:40","slug":"aprende-a-evaluar-la-usabilidad-de-tus-webs-y-apps","status":"publish","type":"page","link":"https:\/\/cesarmauri.com\/es\/aprende-a-evaluar-la-usabilidad-de-tus-webs-y-apps\/","title":{"rendered":"Aprende a evaluar la usabilidad de tus webs y apps"},"content":{"rendered":"\n<p>Aqu\u00ed tienes la charla que di en el marco de la <a rel=\"noreferrer noopener\" href=\"https:\/\/www.meetup.com\/es\/Tarragona-Developers-Meetup\/\" target=\"_blank\">Tarragona Developers Meetup<\/a> sobre m\u00e9todos low-cost de evaluaci\u00f3n de la usabilidad. El contenido est\u00e1 orientado a cualquier profesional del mundo del dise\u00f1o y desarrollo de productos interactivos, como p\u00e1ginas web o aplicaciones.<\/p>\n\n\n\n<p>A lo largo de la charla doy una breve introducci\u00f3n a la disciplina de la Interacci\u00f3n Persona-Ordenador para luego comentar, principalmente, las t\u00e9cnicas de \u00ab<em>discount usability<\/em>\u00bb propuestas por <a rel=\"noreferrer noopener\" href=\"https:\/\/www.nngroup.com\/\" target=\"_blank\">Jakob Nielsen<\/a> tratando de aportar ejemplos reales y algunas lecciones aprendidas.<\/p>\n\n\n\n<h2 class=\"wp-block-heading\">Contenido<\/h2>\n\n\n\n<ul class=\"wp-block-list\"><li>Introducci\u00f3n a la HCI<ul><li>Un poco de historia<\/li><li>UX y usabilidad<\/li><li>\u00bfPor qu\u00e9 es importante esto de la usabilidad?<\/li><li>El secreto para dise\u00f1ar sistemas usables<\/li><\/ul><\/li><li>Evaluaci\u00f3n de la usabilidad low-cost<ul><li>Enfoque \u201ccl\u00e1sico\u201d y t\u00e9cnicas low-cost<\/li><li>Prototipos de papel<\/li><li>Tests con usuarios<\/li><li>Evaluaci\u00f3n sin usuarios<\/li><\/ul><\/li><\/ul>\n\n\n\n<div class=\"wp-block-image\"><figure class=\"aligncenter size-large\"><a href=\"https:\/\/cesarmauri.com\/es\/wp-content\/uploads\/Evaluando-la-usabilidad-de-tus-webs-y-apps.pdf\"><img loading=\"lazy\" decoding=\"async\" width=\"500\" height=\"280\" src=\"https:\/\/cesarmauri.com\/es\/wp-content\/uploads\/primera-diapositiva-charla-usabilidad-tgn-developers.png\" alt=\"primera diapositiva charla usabilidad tgn developers\" class=\"wp-image-320\" srcset=\"https:\/\/cesarmauri.com\/es\/wp-content\/uploads\/primera-diapositiva-charla-usabilidad-tgn-developers.png 500w, https:\/\/cesarmauri.com\/es\/wp-content\/uploads\/primera-diapositiva-charla-usabilidad-tgn-developers-300x168.png 300w\" sizes=\"auto, (max-width: 500px) 100vw, 500px\" \/><\/a><\/figure><\/div>\n\n\n\n<div class=\"wp-block-file aligncenter\"><a href=\"https:\/\/cesarmauri.com\/es\/wp-content\/uploads\/Evaluando-la-usabilidad-de-tus-webs-y-apps.pdf\" class=\"wp-block-file__button\" download>Descargar la presentaci\u00f3n en PDF<\/a><\/div>\n\n\n\n<p><\/p>\n\n\n\n<figure class=\"wp-block-embed-youtube wp-block-embed is-type-video is-provider-youtube wp-embed-aspect-16-9 wp-has-aspect-ratio\"><div class=\"wp-block-embed__wrapper\">\n<iframe loading=\"lazy\" title=\"LIVE: Aprende a evaluar la usabilidad de tus webs y apps, por C\u00e9sar Mauri\" width=\"1200\" height=\"675\" src=\"https:\/\/www.youtube.com\/embed\/exdZBjz0DPQ?feature=oembed\" frameborder=\"0\" allow=\"accelerometer; autoplay; encrypted-media; gyroscope; picture-in-picture\" allowfullscreen><\/iframe>\n<\/div><\/figure>\n\n\n\n<p><\/p>\n\n\n\n<p>Muchas gracias a la organizaci\u00f3n por haber hecho posible este evento.<\/p>\n\n\n\n<p><strong>Si te has quedado con dudas, quieres hacer cualquier comentario o quieres que hablemos de tu proyecto, <a href=\"\/es\/contactar\">contacta conmigo<\/a>.<\/strong><\/p>\n","protected":false},"excerpt":{"rendered":"<p>Aqu\u00ed tienes la charla que di en el marco de la Tarragona Developers Meetup sobre m\u00e9todos low-cost de evaluaci\u00f3n de la usabilidad. El contenido est\u00e1 orientado a cualquier profesional del mundo del dise\u00f1o y desarrollo de productos interactivos, como p\u00e1ginas web o aplicaciones. A lo largo de la charla doy una breve introducci\u00f3n a la &#8230; <a title=\"Aprende a evaluar la usabilidad de tus webs y apps\" class=\"read-more\" href=\"https:\/\/cesarmauri.com\/es\/aprende-a-evaluar-la-usabilidad-de-tus-webs-y-apps\/\" aria-label=\"Leer m\u00e1s sobre Aprende a evaluar la usabilidad de tus webs y apps\">Leer m\u00e1s<\/a><\/p>\n","protected":false},"author":1,"featured_media":0,"parent":0,"menu_order":0,"comment_status":"closed","ping_status":"closed","template":"","meta":{"footnotes":""},"class_list":["post-302","page","type-page","status-publish"],"featured_image_src":null,"yoast_head":"<!-- This site is optimized with the Yoast SEO plugin v27.1.1 - https:\/\/yoast.com\/product\/yoast-seo-wordpress\/ -->\n<title>Aprende a evaluar la usabilidad de tus webs y apps - C\u00e9sar Mauri<\/title>\n<meta name=\"description\" content=\"Charla para la Tarragona Developers Meetup sobre t\u00e9cnicas low-cost de evaluaci\u00f3n de la usabilidad con ejemplos reales y alguna lecciones aprendidas.\" \/>\n<meta name=\"robots\" content=\"index, follow, max-snippet:-1, max-image-preview:large, max-video-preview:-1\" \/>\n<link rel=\"canonical\" href=\"https:\/\/cesarmauri.com\/es\/aprende-a-evaluar-la-usabilidad-de-tus-webs-y-apps\/\" \/>\n<meta property=\"og:locale\" content=\"es_ES\" \/>\n<meta property=\"og:type\" content=\"article\" \/>\n<meta property=\"og:title\" content=\"Aprende a evaluar la usabilidad de tus webs y apps - C\u00e9sar Mauri\" \/>\n<meta property=\"og:description\" content=\"Charla para la Tarragona Developers Meetup sobre t\u00e9cnicas low-cost de evaluaci\u00f3n de la usabilidad con ejemplos reales y alguna lecciones aprendidas.\" \/>\n<meta property=\"og:url\" content=\"https:\/\/cesarmauri.com\/es\/aprende-a-evaluar-la-usabilidad-de-tus-webs-y-apps\/\" \/>\n<meta property=\"og:site_name\" content=\"C\u00e9sar Mauri\" \/>\n<meta property=\"article:modified_time\" content=\"2020-04-22T09:00:40+00:00\" \/>\n<meta property=\"og:image\" content=\"https:\/\/cesarmauri.com\/es\/wp-content\/uploads\/primera-diapositiva-charla-usabilidad-tgn-developers.png\" \/>\n<meta name=\"twitter:card\" content=\"summary_large_image\" \/>\n<meta name=\"twitter:label1\" content=\"Tiempo de lectura\" \/>\n\t<meta name=\"twitter:data1\" content=\"1 minuto\" \/>\n<script type=\"application\/ld+json\" class=\"yoast-schema-graph\">{\"@context\":\"https:\/\/schema.org\",\"@graph\":[{\"@type\":\"WebPage\",\"@id\":\"https:\/\/cesarmauri.com\/es\/aprende-a-evaluar-la-usabilidad-de-tus-webs-y-apps\/\",\"url\":\"https:\/\/cesarmauri.com\/es\/aprende-a-evaluar-la-usabilidad-de-tus-webs-y-apps\/\",\"name\":\"Aprende a evaluar la usabilidad de tus webs y apps - C\u00e9sar Mauri\",\"isPartOf\":{\"@id\":\"https:\/\/cesarmauri.com\/es\/#website\"},\"primaryImageOfPage\":{\"@id\":\"https:\/\/cesarmauri.com\/es\/aprende-a-evaluar-la-usabilidad-de-tus-webs-y-apps\/#primaryimage\"},\"image\":{\"@id\":\"https:\/\/cesarmauri.com\/es\/aprende-a-evaluar-la-usabilidad-de-tus-webs-y-apps\/#primaryimage\"},\"thumbnailUrl\":\"https:\/\/cesarmauri.com\/es\/wp-content\/uploads\/primera-diapositiva-charla-usabilidad-tgn-developers.png\",\"datePublished\":\"2020-04-17T14:42:07+00:00\",\"dateModified\":\"2020-04-22T09:00:40+00:00\",\"description\":\"Charla para la Tarragona Developers Meetup sobre t\u00e9cnicas low-cost de evaluaci\u00f3n de la usabilidad con ejemplos reales y alguna lecciones aprendidas.\",\"breadcrumb\":{\"@id\":\"https:\/\/cesarmauri.com\/es\/aprende-a-evaluar-la-usabilidad-de-tus-webs-y-apps\/#breadcrumb\"},\"inLanguage\":\"es\",\"potentialAction\":[{\"@type\":\"ReadAction\",\"target\":[\"https:\/\/cesarmauri.com\/es\/aprende-a-evaluar-la-usabilidad-de-tus-webs-y-apps\/\"]}]},{\"@type\":\"ImageObject\",\"inLanguage\":\"es\",\"@id\":\"https:\/\/cesarmauri.com\/es\/aprende-a-evaluar-la-usabilidad-de-tus-webs-y-apps\/#primaryimage\",\"url\":\"https:\/\/cesarmauri.com\/es\/wp-content\/uploads\/primera-diapositiva-charla-usabilidad-tgn-developers.png\",\"contentUrl\":\"https:\/\/cesarmauri.com\/es\/wp-content\/uploads\/primera-diapositiva-charla-usabilidad-tgn-developers.png\",\"width\":500,\"height\":280,\"caption\":\"primera diapositiva charla usabilidad tgn developers\"},{\"@type\":\"BreadcrumbList\",\"@id\":\"https:\/\/cesarmauri.com\/es\/aprende-a-evaluar-la-usabilidad-de-tus-webs-y-apps\/#breadcrumb\",\"itemListElement\":[{\"@type\":\"ListItem\",\"position\":1,\"name\":\"Portada\",\"item\":\"https:\/\/cesarmauri.com\/es\/\"},{\"@type\":\"ListItem\",\"position\":2,\"name\":\"Aprende a evaluar la usabilidad de tus webs y apps\"}]},{\"@type\":\"WebSite\",\"@id\":\"https:\/\/cesarmauri.com\/es\/#website\",\"url\":\"https:\/\/cesarmauri.com\/es\/\",\"name\":\"C\u00e9sar Mauri\",\"description\":\"Ingeniero de software freelance\",\"potentialAction\":[{\"@type\":\"SearchAction\",\"target\":{\"@type\":\"EntryPoint\",\"urlTemplate\":\"https:\/\/cesarmauri.com\/es\/?s={search_term_string}\"},\"query-input\":{\"@type\":\"PropertyValueSpecification\",\"valueRequired\":true,\"valueName\":\"search_term_string\"}}],\"inLanguage\":\"es\"}]}<\/script>\n<!-- \/ Yoast SEO plugin. -->","yoast_head_json":{"title":"Aprende a evaluar la usabilidad de tus webs y apps - C\u00e9sar Mauri","description":"Charla para la Tarragona Developers Meetup sobre t\u00e9cnicas low-cost de evaluaci\u00f3n de la usabilidad con ejemplos reales y alguna lecciones aprendidas.","robots":{"index":"index","follow":"follow","max-snippet":"max-snippet:-1","max-image-preview":"max-image-preview:large","max-video-preview":"max-video-preview:-1"},"canonical":"https:\/\/cesarmauri.com\/es\/aprende-a-evaluar-la-usabilidad-de-tus-webs-y-apps\/","og_locale":"es_ES","og_type":"article","og_title":"Aprende a evaluar la usabilidad de tus webs y apps - C\u00e9sar Mauri","og_description":"Charla para la Tarragona Developers Meetup sobre t\u00e9cnicas low-cost de evaluaci\u00f3n de la usabilidad con ejemplos reales y alguna lecciones aprendidas.","og_url":"https:\/\/cesarmauri.com\/es\/aprende-a-evaluar-la-usabilidad-de-tus-webs-y-apps\/","og_site_name":"C\u00e9sar Mauri","article_modified_time":"2020-04-22T09:00:40+00:00","og_image":[{"url":"https:\/\/cesarmauri.com\/es\/wp-content\/uploads\/primera-diapositiva-charla-usabilidad-tgn-developers.png","type":"","width":"","height":""}],"twitter_card":"summary_large_image","twitter_misc":{"Tiempo de lectura":"1 minuto"},"schema":{"@context":"https:\/\/schema.org","@graph":[{"@type":"WebPage","@id":"https:\/\/cesarmauri.com\/es\/aprende-a-evaluar-la-usabilidad-de-tus-webs-y-apps\/","url":"https:\/\/cesarmauri.com\/es\/aprende-a-evaluar-la-usabilidad-de-tus-webs-y-apps\/","name":"Aprende a evaluar la usabilidad de tus webs y apps - C\u00e9sar Mauri","isPartOf":{"@id":"https:\/\/cesarmauri.com\/es\/#website"},"primaryImageOfPage":{"@id":"https:\/\/cesarmauri.com\/es\/aprende-a-evaluar-la-usabilidad-de-tus-webs-y-apps\/#primaryimage"},"image":{"@id":"https:\/\/cesarmauri.com\/es\/aprende-a-evaluar-la-usabilidad-de-tus-webs-y-apps\/#primaryimage"},"thumbnailUrl":"https:\/\/cesarmauri.com\/es\/wp-content\/uploads\/primera-diapositiva-charla-usabilidad-tgn-developers.png","datePublished":"2020-04-17T14:42:07+00:00","dateModified":"2020-04-22T09:00:40+00:00","description":"Charla para la Tarragona Developers Meetup sobre t\u00e9cnicas low-cost de evaluaci\u00f3n de la usabilidad con ejemplos reales y alguna lecciones aprendidas.","breadcrumb":{"@id":"https:\/\/cesarmauri.com\/es\/aprende-a-evaluar-la-usabilidad-de-tus-webs-y-apps\/#breadcrumb"},"inLanguage":"es","potentialAction":[{"@type":"ReadAction","target":["https:\/\/cesarmauri.com\/es\/aprende-a-evaluar-la-usabilidad-de-tus-webs-y-apps\/"]}]},{"@type":"ImageObject","inLanguage":"es","@id":"https:\/\/cesarmauri.com\/es\/aprende-a-evaluar-la-usabilidad-de-tus-webs-y-apps\/#primaryimage","url":"https:\/\/cesarmauri.com\/es\/wp-content\/uploads\/primera-diapositiva-charla-usabilidad-tgn-developers.png","contentUrl":"https:\/\/cesarmauri.com\/es\/wp-content\/uploads\/primera-diapositiva-charla-usabilidad-tgn-developers.png","width":500,"height":280,"caption":"primera diapositiva charla usabilidad tgn developers"},{"@type":"BreadcrumbList","@id":"https:\/\/cesarmauri.com\/es\/aprende-a-evaluar-la-usabilidad-de-tus-webs-y-apps\/#breadcrumb","itemListElement":[{"@type":"ListItem","position":1,"name":"Portada","item":"https:\/\/cesarmauri.com\/es\/"},{"@type":"ListItem","position":2,"name":"Aprende a evaluar la usabilidad de tus webs y apps"}]},{"@type":"WebSite","@id":"https:\/\/cesarmauri.com\/es\/#website","url":"https:\/\/cesarmauri.com\/es\/","name":"C\u00e9sar Mauri","description":"Ingeniero de software freelance","potentialAction":[{"@type":"SearchAction","target":{"@type":"EntryPoint","urlTemplate":"https:\/\/cesarmauri.com\/es\/?s={search_term_string}"},"query-input":{"@type":"PropertyValueSpecification","valueRequired":true,"valueName":"search_term_string"}}],"inLanguage":"es"}]}},"_links":{"self":[{"href":"https:\/\/cesarmauri.com\/es\/wp-json\/wp\/v2\/pages\/302","targetHints":{"allow":["GET"]}}],"collection":[{"href":"https:\/\/cesarmauri.com\/es\/wp-json\/wp\/v2\/pages"}],"about":[{"href":"https:\/\/cesarmauri.com\/es\/wp-json\/wp\/v2\/types\/page"}],"author":[{"embeddable":true,"href":"https:\/\/cesarmauri.com\/es\/wp-json\/wp\/v2\/users\/1"}],"replies":[{"embeddable":true,"href":"https:\/\/cesarmauri.com\/es\/wp-json\/wp\/v2\/comments?post=302"}],"version-history":[{"count":18,"href":"https:\/\/cesarmauri.com\/es\/wp-json\/wp\/v2\/pages\/302\/revisions"}],"predecessor-version":[{"id":327,"href":"https:\/\/cesarmauri.com\/es\/wp-json\/wp\/v2\/pages\/302\/revisions\/327"}],"wp:attachment":[{"href":"https:\/\/cesarmauri.com\/es\/wp-json\/wp\/v2\/media?parent=302"}],"curies":[{"name":"wp","href":"https:\/\/api.w.org\/{rel}","templated":true}]}}