{"id":329,"date":"2020-05-04T18:42:51","date_gmt":"2020-05-04T16:42:51","guid":{"rendered":"https:\/\/cesarmauri.com\/es\/?page_id=329"},"modified":"2020-05-04T18:59:07","modified_gmt":"2020-05-04T16:59:07","slug":"accessibility-projects-espanol","status":"publish","type":"page","link":"https:\/\/cesarmauri.com\/es\/accessibility-projects-espanol\/","title":{"rendered":"Proyectos de accesibilidad"},"content":{"rendered":"\n<p>Este es un resumen de los principales proyectos relacionados con la accesibilidad que he desarrollado a lo largo de los a\u00f1os.<\/p>\n\n\n\n<h2 class=\"wp-block-heading\">Enable Viacam (eViacam)<\/h2>\n\n\n\n<div class=\"wp-block-columns is-layout-flex wp-container-core-columns-is-layout-9d6595d7 wp-block-columns-is-layout-flex\">\n<div class=\"wp-block-column is-layout-flow wp-block-column-is-layout-flow\" style=\"flex-basis:66.66%\">\n<p><strong>Enable Viacam es un software que permite controlar el PC mediante el seguimiento del movimiento de la cabeza utilizando una c\u00e1mara web.<\/strong><\/p>\n\n\n\n<p>Este es el proyecto que lo inici\u00f3 todo. Se remonta a mi proyecto final de carrera en 2002. Poco despu\u00e9s sigui\u00f3 la versi\u00f3n comercial. Se llam\u00f3 Rat\u00f3n Facial. Finalmente, en 2008 el software fue reescrito, renombrado como Enable Viacam (o eViacam para abreviar) y lanzado bajo la licencia GNU\/GPL.<\/p>\n\n\n\n<p>El software fue escrito en C y C++ usando OpenCV, GTK+, MFC y wxWidgets, entre otros.<\/p>\n<\/div>\n\n\n\n<div class=\"wp-block-column is-layout-flow wp-block-column-is-layout-flow\" style=\"flex-basis:33.33%\">\n<figure class=\"wp-block-image size-medium is-resized\"><img loading=\"lazy\" decoding=\"async\" src=\"https:\/\/cesarmauri.com\/wp-content\/uploads\/sites\/2\/eviacam_small-300x300.png\" alt=\"Enable Viacam logo\" class=\"wp-image-62\" width=\"256\" height=\"256\" srcset=\"https:\/\/cesarmauri.com\/es\/wp-content\/uploads\/eviacam_small-300x300.png 300w, https:\/\/cesarmauri.com\/es\/wp-content\/uploads\/eviacam_small-150x150.png 150w, https:\/\/cesarmauri.com\/es\/wp-content\/uploads\/eviacam_small.png 512w\" sizes=\"auto, (max-width: 256px) 100vw, 256px\" \/><\/figure>\n\n\n\n<div class=\"wp-block-buttons aligncenter is-layout-flex wp-block-buttons-is-layout-flex\">\n<div class=\"wp-block-button\"><a class=\"wp-block-button__link\" href=\"https:\/\/eviacam.crea-si.com\/\" target=\"_blank\" rel=\"noreferrer noopener\">Sitio de eViacam<\/a><\/div>\n<\/div>\n<\/div>\n<\/div>\n\n\n\n<h2 class=\"wp-block-heading\">SITPLUS<\/h2>\n\n\n\n<div class=\"wp-block-columns is-layout-flex wp-container-core-columns-is-layout-9d6595d7 wp-block-columns-is-layout-flex\">\n<div class=\"wp-block-column is-layout-flow wp-block-column-is-layout-flow\" style=\"flex-basis:33.33%\">\n<figure class=\"wp-block-image size-large\"><img decoding=\"async\" src=\"https:\/\/cesarmauri.com\/wp-content\/uploads\/sites\/2\/sitplus_logo_256x256.png\" alt=\"SITPLUS logo\" class=\"wp-image-388\"\/><\/figure>\n\n\n\n<div class=\"wp-block-buttons aligncenter is-layout-flex wp-block-buttons-is-layout-flex\">\n<div class=\"wp-block-button\"><a class=\"wp-block-button__link\" href=\"https:\/\/sitplus.crea-si.com\/index\/index.html\" target=\"_blank\" rel=\"noreferrer noopener\">Sitio de SITPLUS<\/a><\/div>\n<\/div>\n<\/div>\n\n\n\n<div class=\"wp-block-column is-layout-flow wp-block-column-is-layout-flow\" style=\"flex-basis:66.66%\">\n<p><strong>SITPLUS proporciona una herramienta para la interacci\u00f3n continua y remota, orientada a personas con discapacidades cognitivas, sensoriales y f\u00edsicas.<\/strong><\/p>\n\n\n\n<p>El proyecto surge de un proyecto de colaboraci\u00f3n de I+D a largo plazo con el <a rel=\"noreferrer noopener\" href=\"https:\/\/www.appctarragona.org\/\" target=\"_blank\">centro de par\u00e1lisis cerebral APPC<\/a> y estaba dirigido a personas con afectaciones cognitivas y f\u00edsicas severas. El proyecto ya no se mantiene, pero se lanz\u00f3 bajo la licencia GNU\/GPL y todav\u00eda est\u00e1 disponible para Windows y Linux.<\/p>\n\n\n\n<p>El software fue escrito en C ++ usando OpenCV, wxWidgets y muchas otras bibliotecas. Para el procesamiento de sonido, utilizamos Pure Data.<\/p>\n<\/div>\n<\/div>\n\n\n\n<h2 class=\"wp-block-heading\">Switch Viacam (sViacam)<\/h2>\n\n\n\n<div class=\"wp-block-columns is-layout-flex wp-container-core-columns-is-layout-9d6595d7 wp-block-columns-is-layout-flex\">\n<div class=\"wp-block-column is-layout-flow wp-block-column-is-layout-flow\" style=\"flex-basis:66.66%\">\n<p><strong>Switch Viacam emula hasta dos conmutadores virtuales utilizando una c\u00e1mara web y t\u00e9cnicas de visi\u00f3n por computadora.<\/strong><\/p>\n\n\n\n<p>Este proyecto tambi\u00e9n se deriva de la colaboraci\u00f3n con la APPC. Los conmutadores son recursos com\u00fanmente utilizados para personas con ciertos grados de discapacidad f\u00edsica. El objetivo fue proporcionar una herramienta f\u00e1cil de usar que permitiera crear actividades imaginativas basadas en interruptores para las personas con par\u00e1lisis cerebral.<\/p>\n\n\n\n<p>El proyecto se basa en el motor SITPLUS y, aunque ya no se mantiene, todav\u00eda est\u00e1 disponible gratuitamente bajo la licencia GNU \/ GPL.<\/p>\n<\/div>\n\n\n\n<div class=\"wp-block-column is-layout-flow wp-block-column-is-layout-flow\" style=\"flex-basis:33.33%\">\n<figure class=\"wp-block-image size-large\"><img decoding=\"async\" src=\"https:\/\/cesarmauri.com\/wp-content\/uploads\/sites\/2\/switch-viacam.png\" alt=\"\" class=\"wp-image-391\"\/><\/figure>\n\n\n\n<div class=\"wp-block-buttons aligncenter is-layout-flex wp-block-buttons-is-layout-flex\">\n<div class=\"wp-block-button\"><a class=\"wp-block-button__link\" href=\"http:\/\/sviacam.sourceforge.net\/\" target=\"_blank\" rel=\"noreferrer noopener\">Sitio de sViacam<\/a><\/div>\n<\/div>\n\n\n\n<p><\/p>\n<\/div>\n<\/div>\n\n\n\n<h2 class=\"wp-block-heading\">EVA Facial Mouse<\/h2>\n\n\n\n<div class=\"wp-block-columns is-layout-flex wp-container-core-columns-is-layout-9d6595d7 wp-block-columns-is-layout-flex\">\n<div class=\"wp-block-column is-layout-flow wp-block-column-is-layout-flow\" style=\"flex-basis:33.33%\">\n<figure class=\"wp-block-image size-medium is-resized\"><img loading=\"lazy\" decoding=\"async\" src=\"https:\/\/cesarmauri.com\/wp-content\/uploads\/sites\/2\/eva-pro-icon-300x300.png\" alt=\"EVA Facial Mouse logo\" class=\"wp-image-394\" width=\"256\" height=\"256\"\/><\/figure>\n\n\n\n<div class=\"wp-block-buttons aligncenter is-layout-flex wp-block-buttons-is-layout-flex\">\n<div class=\"wp-block-button\"><a class=\"wp-block-button__link\" href=\"https:\/\/www.easeapps.xyz\/en\/apps\/eva\" target=\"_blank\" rel=\"noreferrer noopener\">Sitio de EVA<\/a><\/div>\n<\/div>\n<\/div>\n\n\n\n<div class=\"wp-block-column is-layout-flow wp-block-column-is-layout-flow\" style=\"flex-basis:66.66%\">\n<p><strong>EVA hace un seguimiento continuo de los movimientos de tu rostro a trav\u00e9s de la c\u00e1mara frontal. Un puntero te permite controlar todas las acciones de tu dispositivo.<\/strong><\/p>\n\n\n\n<p>Se trata de la evoluci\u00f3n de Enable Viacam para tel\u00e9fonos inteligentes. EVA fue creado con el apoyo de la Fundaci\u00f3n Espa\u00f1a Vodafone. Actualmente, EVA ha sido sustituido por EVA Facial Mouse PRO, una evoluci\u00f3n del software original.<\/p>\n\n\n\n<p>EVA se ha desarrollado utilizando C ++ y Java utilizando OpenCV y otras bibliotecas.<\/p>\n<\/div>\n<\/div>\n\n\n\n<h2 class=\"wp-block-heading\">Ease Apps<\/h2>\n\n\n\n<div class=\"wp-block-columns is-layout-flex wp-container-core-columns-is-layout-9d6595d7 wp-block-columns-is-layout-flex\">\n<div class=\"wp-block-column is-layout-flow wp-block-column-is-layout-flow\" style=\"flex-basis:66.66%\">\n<p><strong>Ease Apps es un proyecto de emprendimiento social para dar respuesta a las carencias en accesibilidad f\u00edsica de los dispositivos m\u00f3viles.<\/strong><\/p>\n\n\n\n<p>Consiste en un conjunto de 3 aplicaciones (4 si contando EVA) que brindan varios servicios de accesibilidad para mejorar la accesibilidad de los dispositivos Android para aquellas personas con discapacidades f\u00edsicas.<\/p>\n<\/div>\n\n\n\n<div class=\"wp-block-column is-layout-flow wp-block-column-is-layout-flow\" style=\"flex-basis:33.33%\">\n<div class=\"wp-block-image\"><figure class=\"aligncenter size-medium is-resized\"><img loading=\"lazy\" decoding=\"async\" src=\"https:\/\/cesarmauri.com\/wp-content\/uploads\/sites\/2\/ease_apps_squared_512x512-1-300x300.png\" alt=\"Ease Apps logo\" class=\"wp-image-397\" width=\"250\" height=\"250\"\/><\/figure><\/div>\n\n\n\n<div class=\"wp-block-buttons aligncenter is-layout-flex wp-block-buttons-is-layout-flex\">\n<div class=\"wp-block-button\"><a class=\"wp-block-button__link\" href=\"https:\/\/www.easeapps.xyz\/en\/\" target=\"_blank\" rel=\"noreferrer noopener\">Sitio de Ease Apps<\/a><\/div>\n<\/div>\n<\/div>\n<\/div>\n","protected":false},"excerpt":{"rendered":"<p>Este es un resumen de los principales proyectos relacionados con la accesibilidad que he desarrollado a lo largo de los a\u00f1os. Enable Viacam (eViacam) Enable Viacam es un software que permite controlar el PC mediante el seguimiento del movimiento de la cabeza utilizando una c\u00e1mara web. Este es el proyecto que lo inici\u00f3 todo. Se &#8230; <a title=\"Proyectos de accesibilidad\" class=\"read-more\" href=\"https:\/\/cesarmauri.com\/es\/accessibility-projects-espanol\/\" aria-label=\"Leer m\u00e1s sobre Proyectos de accesibilidad\">Leer m\u00e1s<\/a><\/p>\n","protected":false},"author":1,"featured_media":0,"parent":0,"menu_order":0,"comment_status":"closed","ping_status":"closed","template":"","meta":{"footnotes":""},"class_list":["post-329","page","type-page","status-publish"],"featured_image_src":null,"yoast_head":"<!-- This site is optimized with the Yoast SEO plugin v27.1.1 - https:\/\/yoast.com\/product\/yoast-seo-wordpress\/ -->\n<title>Proyectos de accesibilidad - C\u00e9sar Mauri<\/title>\n<meta name=\"robots\" content=\"index, follow, max-snippet:-1, max-image-preview:large, max-video-preview:-1\" \/>\n<link rel=\"canonical\" href=\"https:\/\/cesarmauri.com\/es\/accessibility-projects-espanol\/\" \/>\n<meta property=\"og:locale\" content=\"es_ES\" \/>\n<meta property=\"og:type\" content=\"article\" \/>\n<meta property=\"og:title\" content=\"Proyectos de accesibilidad - C\u00e9sar Mauri\" \/>\n<meta property=\"og:description\" content=\"Este es un resumen de los principales proyectos relacionados con la accesibilidad que he desarrollado a lo largo de los a\u00f1os. Enable Viacam (eViacam) Enable Viacam es un software que permite controlar el PC mediante el seguimiento del movimiento de la cabeza utilizando una c\u00e1mara web. Este es el proyecto que lo inici\u00f3 todo. Se ... Leer m\u00e1s\" \/>\n<meta property=\"og:url\" content=\"https:\/\/cesarmauri.com\/es\/accessibility-projects-espanol\/\" \/>\n<meta property=\"og:site_name\" content=\"C\u00e9sar Mauri\" \/>\n<meta property=\"article:modified_time\" content=\"2020-05-04T16:59:07+00:00\" \/>\n<meta property=\"og:image\" content=\"https:\/\/cesarmauri.com\/wp-content\/uploads\/sites\/2\/eviacam_small-300x300.png\" \/>\n<meta name=\"twitter:card\" content=\"summary_large_image\" \/>\n<meta name=\"twitter:label1\" content=\"Tiempo de lectura\" \/>\n\t<meta name=\"twitter:data1\" content=\"2 minutos\" \/>\n<script type=\"application\/ld+json\" class=\"yoast-schema-graph\">{\"@context\":\"https:\/\/schema.org\",\"@graph\":[{\"@type\":\"WebPage\",\"@id\":\"https:\/\/cesarmauri.com\/es\/accessibility-projects-espanol\/\",\"url\":\"https:\/\/cesarmauri.com\/es\/accessibility-projects-espanol\/\",\"name\":\"Proyectos de accesibilidad - C\u00e9sar Mauri\",\"isPartOf\":{\"@id\":\"https:\/\/cesarmauri.com\/es\/#website\"},\"primaryImageOfPage\":{\"@id\":\"https:\/\/cesarmauri.com\/es\/accessibility-projects-espanol\/#primaryimage\"},\"image\":{\"@id\":\"https:\/\/cesarmauri.com\/es\/accessibility-projects-espanol\/#primaryimage\"},\"thumbnailUrl\":\"https:\/\/cesarmauri.com\/wp-content\/uploads\/sites\/2\/eviacam_small-300x300.png\",\"datePublished\":\"2020-05-04T16:42:51+00:00\",\"dateModified\":\"2020-05-04T16:59:07+00:00\",\"breadcrumb\":{\"@id\":\"https:\/\/cesarmauri.com\/es\/accessibility-projects-espanol\/#breadcrumb\"},\"inLanguage\":\"es\",\"potentialAction\":[{\"@type\":\"ReadAction\",\"target\":[\"https:\/\/cesarmauri.com\/es\/accessibility-projects-espanol\/\"]}]},{\"@type\":\"ImageObject\",\"inLanguage\":\"es\",\"@id\":\"https:\/\/cesarmauri.com\/es\/accessibility-projects-espanol\/#primaryimage\",\"url\":\"https:\/\/cesarmauri.com\/wp-content\/uploads\/sites\/2\/eviacam_small-300x300.png\",\"contentUrl\":\"https:\/\/cesarmauri.com\/wp-content\/uploads\/sites\/2\/eviacam_small-300x300.png\"},{\"@type\":\"BreadcrumbList\",\"@id\":\"https:\/\/cesarmauri.com\/es\/accessibility-projects-espanol\/#breadcrumb\",\"itemListElement\":[{\"@type\":\"ListItem\",\"position\":1,\"name\":\"Portada\",\"item\":\"https:\/\/cesarmauri.com\/es\/\"},{\"@type\":\"ListItem\",\"position\":2,\"name\":\"Proyectos de accesibilidad\"}]},{\"@type\":\"WebSite\",\"@id\":\"https:\/\/cesarmauri.com\/es\/#website\",\"url\":\"https:\/\/cesarmauri.com\/es\/\",\"name\":\"C\u00e9sar Mauri\",\"description\":\"Ingeniero de software freelance\",\"potentialAction\":[{\"@type\":\"SearchAction\",\"target\":{\"@type\":\"EntryPoint\",\"urlTemplate\":\"https:\/\/cesarmauri.com\/es\/?s={search_term_string}\"},\"query-input\":{\"@type\":\"PropertyValueSpecification\",\"valueRequired\":true,\"valueName\":\"search_term_string\"}}],\"inLanguage\":\"es\"}]}<\/script>\n<!-- \/ Yoast SEO plugin. -->","yoast_head_json":{"title":"Proyectos de accesibilidad - C\u00e9sar Mauri","robots":{"index":"index","follow":"follow","max-snippet":"max-snippet:-1","max-image-preview":"max-image-preview:large","max-video-preview":"max-video-preview:-1"},"canonical":"https:\/\/cesarmauri.com\/es\/accessibility-projects-espanol\/","og_locale":"es_ES","og_type":"article","og_title":"Proyectos de accesibilidad - C\u00e9sar Mauri","og_description":"Este es un resumen de los principales proyectos relacionados con la accesibilidad que he desarrollado a lo largo de los a\u00f1os. Enable Viacam (eViacam) Enable Viacam es un software que permite controlar el PC mediante el seguimiento del movimiento de la cabeza utilizando una c\u00e1mara web. Este es el proyecto que lo inici\u00f3 todo. Se ... Leer m\u00e1s","og_url":"https:\/\/cesarmauri.com\/es\/accessibility-projects-espanol\/","og_site_name":"C\u00e9sar Mauri","article_modified_time":"2020-05-04T16:59:07+00:00","og_image":[{"url":"https:\/\/cesarmauri.com\/wp-content\/uploads\/sites\/2\/eviacam_small-300x300.png","type":"","width":"","height":""}],"twitter_card":"summary_large_image","twitter_misc":{"Tiempo de lectura":"2 minutos"},"schema":{"@context":"https:\/\/schema.org","@graph":[{"@type":"WebPage","@id":"https:\/\/cesarmauri.com\/es\/accessibility-projects-espanol\/","url":"https:\/\/cesarmauri.com\/es\/accessibility-projects-espanol\/","name":"Proyectos de accesibilidad - C\u00e9sar Mauri","isPartOf":{"@id":"https:\/\/cesarmauri.com\/es\/#website"},"primaryImageOfPage":{"@id":"https:\/\/cesarmauri.com\/es\/accessibility-projects-espanol\/#primaryimage"},"image":{"@id":"https:\/\/cesarmauri.com\/es\/accessibility-projects-espanol\/#primaryimage"},"thumbnailUrl":"https:\/\/cesarmauri.com\/wp-content\/uploads\/sites\/2\/eviacam_small-300x300.png","datePublished":"2020-05-04T16:42:51+00:00","dateModified":"2020-05-04T16:59:07+00:00","breadcrumb":{"@id":"https:\/\/cesarmauri.com\/es\/accessibility-projects-espanol\/#breadcrumb"},"inLanguage":"es","potentialAction":[{"@type":"ReadAction","target":["https:\/\/cesarmauri.com\/es\/accessibility-projects-espanol\/"]}]},{"@type":"ImageObject","inLanguage":"es","@id":"https:\/\/cesarmauri.com\/es\/accessibility-projects-espanol\/#primaryimage","url":"https:\/\/cesarmauri.com\/wp-content\/uploads\/sites\/2\/eviacam_small-300x300.png","contentUrl":"https:\/\/cesarmauri.com\/wp-content\/uploads\/sites\/2\/eviacam_small-300x300.png"},{"@type":"BreadcrumbList","@id":"https:\/\/cesarmauri.com\/es\/accessibility-projects-espanol\/#breadcrumb","itemListElement":[{"@type":"ListItem","position":1,"name":"Portada","item":"https:\/\/cesarmauri.com\/es\/"},{"@type":"ListItem","position":2,"name":"Proyectos de accesibilidad"}]},{"@type":"WebSite","@id":"https:\/\/cesarmauri.com\/es\/#website","url":"https:\/\/cesarmauri.com\/es\/","name":"C\u00e9sar Mauri","description":"Ingeniero de software freelance","potentialAction":[{"@type":"SearchAction","target":{"@type":"EntryPoint","urlTemplate":"https:\/\/cesarmauri.com\/es\/?s={search_term_string}"},"query-input":{"@type":"PropertyValueSpecification","valueRequired":true,"valueName":"search_term_string"}}],"inLanguage":"es"}]}},"_links":{"self":[{"href":"https:\/\/cesarmauri.com\/es\/wp-json\/wp\/v2\/pages\/329","targetHints":{"allow":["GET"]}}],"collection":[{"href":"https:\/\/cesarmauri.com\/es\/wp-json\/wp\/v2\/pages"}],"about":[{"href":"https:\/\/cesarmauri.com\/es\/wp-json\/wp\/v2\/types\/page"}],"author":[{"embeddable":true,"href":"https:\/\/cesarmauri.com\/es\/wp-json\/wp\/v2\/users\/1"}],"replies":[{"embeddable":true,"href":"https:\/\/cesarmauri.com\/es\/wp-json\/wp\/v2\/comments?post=329"}],"version-history":[{"count":2,"href":"https:\/\/cesarmauri.com\/es\/wp-json\/wp\/v2\/pages\/329\/revisions"}],"predecessor-version":[{"id":332,"href":"https:\/\/cesarmauri.com\/es\/wp-json\/wp\/v2\/pages\/329\/revisions\/332"}],"wp:attachment":[{"href":"https:\/\/cesarmauri.com\/es\/wp-json\/wp\/v2\/media?parent=329"}],"curies":[{"name":"wp","href":"https:\/\/api.w.org\/{rel}","templated":true}]}}