{"id":339,"date":"2021-01-25T11:29:07","date_gmt":"2021-01-25T10:29:07","guid":{"rendered":"https:\/\/cesarmauri.com\/es\/?page_id=339"},"modified":"2022-03-23T11:55:09","modified_gmt":"2022-03-23T10:55:09","slug":"inicio-2","status":"publish","type":"page","link":"https:\/\/cesarmauri.com\/es\/","title":{"rendered":"Inicio"},"content":{"rendered":"\n<div class=\"wp-block-columns is-layout-flex wp-container-core-columns-is-layout-9d6595d7 wp-block-columns-is-layout-flex\">\n<div class=\"wp-block-column is-vertically-aligned-center is-layout-flow wp-block-column-is-layout-flow\">\n<h2 class=\"wp-block-heading\">Developer freelance<\/h2>\n\n\n\n<p>Ayudo a tu negocio y a tu equipo a desarrollar una <strong>aplicaci\u00f3n web o m\u00f3vil<\/strong> que se adapte a tus necesidades y deleite a tus clientes.<\/p>\n\n\n\n<p>Me encanta crear software de c\u00f3digo limpio, usable, bien dise\u00f1ado, robusto, mantenible y que evita la deuda t\u00e9cnica.<\/p>\n\n\n\n<div class=\"wp-block-button aligncenter has-medium-font-size is-style-default\"><a class=\"wp-block-button__link has-background\" href=\"\/es\/contact\/\" style=\"background-color:#fd385b\">Cu\u00e9ntame tu proyecto<\/a><\/div>\n\n\n\n<p><\/p>\n\n\n\n<p><\/p>\n<\/div>\n\n\n\n<div class=\"wp-block-column is-layout-flow wp-block-column-is-layout-flow\">\n<figure class=\"wp-block-image size-large\"><img decoding=\"async\" src=\"https:\/\/cesarmauri.com\/wp-content\/uploads\/sites\/2\/squared-cesar-picture.jpg\" alt=\"Cesar's picture\" class=\"wp-image-548\"\/><\/figure>\n<\/div>\n<\/div>\n\n\n\n<h2 class=\"wp-block-heading\">\u00bfA qui\u00e9n ayudo?<\/h2>\n\n\n\n<p>Trabajo con <strong>propietarios de negocios y equipos de desarrollo<\/strong> que quieren crear software de calidad para el mundo real. Como emprendedor, soy consciente de los desaf\u00edos a los que t\u00fa y tu equipo os enfrent\u00e1is. Actualmente, me centro en el desarrollo de aplicaciones web y m\u00f3viles, aunque estar\u00e9 encantado de considerar otro tipo de proyectos.<\/p>\n\n\n\n<h2 class=\"wp-block-heading\">\u00bfC\u00f3mo trabajo?<\/h2>\n\n\n\n<p>No hay dos proyectos iguales, as\u00ed que primero, necesito <strong>comprender tus necesidades y prioridades<\/strong> para poder ofrecerte el servicio adecuado.<\/p>\n\n\n\n<ul class=\"wp-block-list\"><li>Puedo <strong>desarrollar tu aplicaci\u00f3n de principio a fin<\/strong>, ayud\u00e1ndote en dise\u00f1o, desarrollo y publicaci\u00f3n de la misma. <\/li><li>Puedo <strong>unirme a tu equipo de desarrollo<\/strong> de forma remota y proporcionarte servicios de desarrollo, consultor\u00eda y <em>mentoring<\/em>.<\/li><\/ul>\n\n\n\n<h2 class=\"wp-block-heading\">Algunos de mis proyectos<\/h2>\n\n\n\n<div class=\"wp-block-columns is-layout-flex wp-container-core-columns-is-layout-9d6595d7 wp-block-columns-is-layout-flex\">\n<div class=\"wp-block-column is-layout-flow wp-block-column-is-layout-flow\">\n<div class=\"wp-block-image\"><figure class=\"aligncenter size-large is-resized\"><img loading=\"lazy\" decoding=\"async\" src=\"https:\/\/cesarmauri.com\/es\/wp-content\/uploads\/izi-523x1024.png\" alt=\"\" class=\"wp-image-407\" width=\"200\" height=\"400\"\/><\/figure><\/div>\n\n\n\n<h3 class=\"wp-block-heading\">IZI the Recording Together System<\/h3>\n\n\n\n<p>Aplicaci\u00f3n Android de grabaci\u00f3n y transmisi\u00f3n de v\u00eddeo en directo. Kotlin y WebRTC.<\/p>\n<\/div>\n\n\n\n<div class=\"wp-block-column is-layout-flow wp-block-column-is-layout-flow\">\n<div class=\"wp-block-image\"><figure class=\"aligncenter size-full is-resized\"><img loading=\"lazy\" decoding=\"async\" src=\"https:\/\/cesarmauri.com\/es\/wp-content\/uploads\/unancor_400x400.jpg\" alt=\"UNANCOR LOGO\" class=\"wp-image-412\" width=\"400\" height=\"400\" srcset=\"https:\/\/cesarmauri.com\/es\/wp-content\/uploads\/unancor_400x400.jpg 400w, https:\/\/cesarmauri.com\/es\/wp-content\/uploads\/unancor_400x400-300x300.jpg 300w, https:\/\/cesarmauri.com\/es\/wp-content\/uploads\/unancor_400x400-150x150.jpg 150w\" sizes=\"auto, (max-width: 400px) 100vw, 400px\" \/><\/figure><\/div>\n\n\n\n<h3 class=\"wp-block-heading\">UNANCOR<\/h3>\n\n\n\n<p>Marketplace de art\u00edculos en medios digitales. Mentor\u00eda, refactoring de c\u00f3digo y tests autom\u00e1ticos. Laravel y PHP.<\/p>\n<\/div>\n<\/div>\n\n\n\n<div class=\"wp-block-columns is-layout-flex wp-container-core-columns-is-layout-9d6595d7 wp-block-columns-is-layout-flex\">\n<div class=\"wp-block-column is-layout-flow wp-block-column-is-layout-flow\">\n<div class=\"wp-block-image\"><figure class=\"aligncenter size-large\"><img decoding=\"async\" src=\"https:\/\/cesarmauri.com\/wp-content\/uploads\/sites\/2\/eva-mockup.jpg\" alt=\"\" class=\"wp-image-565\"\/><\/figure><\/div>\n\n\n\n<h3 class=\"wp-block-heading\">EVA Facial Mouse<\/h3>\n\n\n\n<p>Aplicaci\u00f3n Android desarrollada para la Fundaci\u00f3n Vodafone usando Java, C++ y OpenCV.<\/p>\n<\/div>\n\n\n\n<div class=\"wp-block-column is-layout-flow wp-block-column-is-layout-flow\">\n<div class=\"wp-block-image\"><figure class=\"aligncenter size-large\"><img decoding=\"async\" src=\"https:\/\/cesarmauri.com\/wp-content\/uploads\/sites\/2\/touch_mockup.png\" alt=\"\" class=\"wp-image-566\"\/><\/figure><\/div>\n\n\n\n<h3 class=\"wp-block-heading\">Ease Touch<\/h3>\n\n\n\n<p>Aplicaci\u00f3n Android en Kotlin para Ease Apps.<\/p>\n<\/div>\n<\/div>\n\n\n\n<h2 class=\"wp-block-heading\">\u00bfPor qu\u00e9 invertir en calidad?<\/h2>\n\n\n\n<p>Es relativamente f\u00e1cil crear software que funcione, pero es mucho m\u00e1s dif\u00edcil crear software que tambi\u00e9n pueda evolucionar con el tiempo y mantenerse al d\u00eda para satisfacer tus necesidades y las tus clientes. Creo que <strong>hacer las cosas bien desde el principio<\/strong> es la mejor forma de proteger tu inversi\u00f3n a largo plazo.<\/p>\n\n\n\n<h2 class=\"wp-block-heading\">Testimonios<\/h2>\n\n\n\n<p><\/p>\n\n\n\n<p>\u00ab<em>Quisiera recomendar a Cesar Mauri, con el que he trabajado en diferentes proyectos durante los \u00faltimos a\u00f1os en la Fundaci\u00f3n Vodafone. Durante todos esos proyectos Cesar siempre demostr\u00f3 su involucraci\u00f3n, compromiso y capacidad tanto en el aspecto meramente t\u00e9cnico de desarrollo\/programaci\u00f3n dentro del entorno Android, como en su desempe\u00f1o en \u00e1mbitos m\u00e1s generales como el an\u00e1lisis o la gesti\u00f3n. Finalmente me gustar\u00eda tambi\u00e9n destacar sus habilidades sociales que junto a las t\u00e9cnicas antes citadas le permitieron superar las expectativas<\/em>\u00ab.<\/p>\n\n\n\n<figure class=\"wp-block-image size-large is-resized is-style-rounded\"><img loading=\"lazy\" decoding=\"async\" src=\"https:\/\/cesarmauri.com\/wp-content\/uploads\/sites\/2\/tomas-de-andres.jpeg\" alt=\"\" class=\"wp-image-569\" width=\"79\" height=\"79\"\/><\/figure>\n\n\n\n<p class=\"has-small-font-size\"><strong>Tom\u00e1s de Andr\u00e9s<\/strong><br>Departamento de Innovaci\u00f3n &#8211; Vodafone Empresas<\/p>\n\n\n\n<h2 class=\"wp-block-heading\">Experiencia, calidad y esmero<\/h2>\n\n\n\n<p>Tengo casi dos d\u00e9cadas de experiencia en el desarrollo de software. He dise\u00f1ado, desarrollado y comercializado varias aplicaciones desde cero, por ello soy consciente de los retos que conlleva todo el proceso. <strong>Me gusta involucrarme m\u00e1s all\u00e1 de la programaci\u00f3n<\/strong>, ayudando y guiando a mis clientes en todo lo que puedo.<\/p>\n\n\n\n<p>Para m\u00ed, <strong>la calidad y la atenci\u00f3n al detalle son primordiales.<\/strong> Cuando me involucro en un proyecto, me centro en entregar un producto de alta calidad del que pueda estar orgulloso.<\/p>\n\n\n\n<p><\/p>\n\n\n\n<div style=\"height:100px\" aria-hidden=\"true\" class=\"wp-block-spacer\"><\/div>\n\n\n\n<div class=\"wp-block-button aligncenter has-medium-font-size is-style-default\"><a class=\"wp-block-button__link has-background\" href=\"\/es\/contact\/\" style=\"background-color:#fd385b\">Cu\u00e9ntame tu proyecto<\/a><\/div>\n\n\n\n<h2 class=\"wp-block-heading\" id=\"block-83fb9f72-66ec-4d66-a647-8cf8f7ad0c36\"><br>Tecnolog\u00edas<\/h2>\n\n\n\n<p id=\"block-36921eb6-ab87-4f89-85a9-157f3521d66a\">Durante mi carrera profesional he empleado numerosas tecnolog\u00edas que incluyen C, C++, Java, Kotlin, PHP, Laravel, Python, SQL, .NET, Django, HTML, CSS, JavaScript, TypeScript, Angular, Spring Boot, Git, Bash, entre otras.<\/p>\n\n\n\n<p id=\"block-36921eb6-ab87-4f89-85a9-157f3521d66a\"><\/p>\n","protected":false},"excerpt":{"rendered":"<p>Developer freelance Ayudo a tu negocio y a tu equipo a desarrollar una aplicaci\u00f3n web o m\u00f3vil que se adapte a tus necesidades y deleite a tus clientes. Me encanta crear software de c\u00f3digo limpio, usable, bien dise\u00f1ado, robusto, mantenible y que evita la deuda t\u00e9cnica. Cu\u00e9ntame tu proyecto \u00bfA qui\u00e9n ayudo? Trabajo con propietarios &#8230; <a title=\"Inicio\" class=\"read-more\" href=\"https:\/\/cesarmauri.com\/es\/\" aria-label=\"Leer m\u00e1s sobre Inicio\">Leer m\u00e1s<\/a><\/p>\n","protected":false},"author":1,"featured_media":0,"parent":0,"menu_order":0,"comment_status":"closed","ping_status":"closed","template":"","meta":{"footnotes":""},"class_list":["post-339","page","type-page","status-publish"],"featured_image_src":null,"yoast_head":"<!-- This site is optimized with the Yoast SEO plugin v27.1.1 - https:\/\/yoast.com\/product\/yoast-seo-wordpress\/ -->\n<title>C\u00e9sar Mauri - Developer freelance<\/title>\n<meta name=\"description\" content=\"Ayudo a tu negocio o equipo a desarrollar una aplicaci\u00f3n web o m\u00f3vil que se adapte a tus necesidades y deleite a tus clientes.\" \/>\n<meta name=\"robots\" content=\"index, follow, max-snippet:-1, max-image-preview:large, max-video-preview:-1\" \/>\n<link rel=\"canonical\" href=\"https:\/\/cesarmauri.com\/es\/\" \/>\n<meta property=\"og:locale\" content=\"es_ES\" \/>\n<meta property=\"og:type\" content=\"article\" \/>\n<meta property=\"og:title\" content=\"C\u00e9sar Mauri - Developer freelance\" \/>\n<meta property=\"og:description\" content=\"Ayudo a tu negocio o equipo a desarrollar una aplicaci\u00f3n web o m\u00f3vil que se adapte a tus necesidades y deleite a tus clientes.\" \/>\n<meta property=\"og:url\" content=\"https:\/\/cesarmauri.com\/es\/\" \/>\n<meta property=\"og:site_name\" content=\"C\u00e9sar Mauri\" \/>\n<meta property=\"article:modified_time\" content=\"2022-03-23T10:55:09+00:00\" \/>\n<meta property=\"og:image\" content=\"https:\/\/cesarmauri.com\/wp-content\/uploads\/sites\/2\/squared-cesar-picture.jpg\" \/>\n<meta name=\"twitter:card\" content=\"summary_large_image\" \/>\n<meta name=\"twitter:label1\" content=\"Tiempo de lectura\" \/>\n\t<meta name=\"twitter:data1\" content=\"4 minutos\" \/>\n<script type=\"application\/ld+json\" class=\"yoast-schema-graph\">{\"@context\":\"https:\/\/schema.org\",\"@graph\":[{\"@type\":\"WebPage\",\"@id\":\"https:\/\/cesarmauri.com\/es\/\",\"url\":\"https:\/\/cesarmauri.com\/es\/\",\"name\":\"C\u00e9sar Mauri - Developer freelance\",\"isPartOf\":{\"@id\":\"https:\/\/cesarmauri.com\/es\/#website\"},\"primaryImageOfPage\":{\"@id\":\"https:\/\/cesarmauri.com\/es\/#primaryimage\"},\"image\":{\"@id\":\"https:\/\/cesarmauri.com\/es\/#primaryimage\"},\"thumbnailUrl\":\"https:\/\/cesarmauri.com\/wp-content\/uploads\/sites\/2\/squared-cesar-picture.jpg\",\"datePublished\":\"2021-01-25T10:29:07+00:00\",\"dateModified\":\"2022-03-23T10:55:09+00:00\",\"description\":\"Ayudo a tu negocio o equipo a desarrollar una aplicaci\u00f3n web o m\u00f3vil que se adapte a tus necesidades y deleite a tus clientes.\",\"breadcrumb\":{\"@id\":\"https:\/\/cesarmauri.com\/es\/#breadcrumb\"},\"inLanguage\":\"es\",\"potentialAction\":[{\"@type\":\"ReadAction\",\"target\":[\"https:\/\/cesarmauri.com\/es\/\"]}]},{\"@type\":\"ImageObject\",\"inLanguage\":\"es\",\"@id\":\"https:\/\/cesarmauri.com\/es\/#primaryimage\",\"url\":\"https:\/\/cesarmauri.com\/wp-content\/uploads\/sites\/2\/squared-cesar-picture.jpg\",\"contentUrl\":\"https:\/\/cesarmauri.com\/wp-content\/uploads\/sites\/2\/squared-cesar-picture.jpg\"},{\"@type\":\"BreadcrumbList\",\"@id\":\"https:\/\/cesarmauri.com\/es\/#breadcrumb\",\"itemListElement\":[{\"@type\":\"ListItem\",\"position\":1,\"name\":\"Portada\",\"item\":\"https:\/\/cesarmauri.com\/es\/\"},{\"@type\":\"ListItem\",\"position\":2,\"name\":\"Inicio\"}]},{\"@type\":\"WebSite\",\"@id\":\"https:\/\/cesarmauri.com\/es\/#website\",\"url\":\"https:\/\/cesarmauri.com\/es\/\",\"name\":\"C\u00e9sar Mauri\",\"description\":\"Ingeniero de software freelance\",\"potentialAction\":[{\"@type\":\"SearchAction\",\"target\":{\"@type\":\"EntryPoint\",\"urlTemplate\":\"https:\/\/cesarmauri.com\/es\/?s={search_term_string}\"},\"query-input\":{\"@type\":\"PropertyValueSpecification\",\"valueRequired\":true,\"valueName\":\"search_term_string\"}}],\"inLanguage\":\"es\"}]}<\/script>\n<!-- \/ Yoast SEO plugin. -->","yoast_head_json":{"title":"C\u00e9sar Mauri - Developer freelance","description":"Ayudo a tu negocio o equipo a desarrollar una aplicaci\u00f3n web o m\u00f3vil que se adapte a tus necesidades y deleite a tus clientes.","robots":{"index":"index","follow":"follow","max-snippet":"max-snippet:-1","max-image-preview":"max-image-preview:large","max-video-preview":"max-video-preview:-1"},"canonical":"https:\/\/cesarmauri.com\/es\/","og_locale":"es_ES","og_type":"article","og_title":"C\u00e9sar Mauri - Developer freelance","og_description":"Ayudo a tu negocio o equipo a desarrollar una aplicaci\u00f3n web o m\u00f3vil que se adapte a tus necesidades y deleite a tus clientes.","og_url":"https:\/\/cesarmauri.com\/es\/","og_site_name":"C\u00e9sar Mauri","article_modified_time":"2022-03-23T10:55:09+00:00","og_image":[{"url":"https:\/\/cesarmauri.com\/wp-content\/uploads\/sites\/2\/squared-cesar-picture.jpg","type":"","width":"","height":""}],"twitter_card":"summary_large_image","twitter_misc":{"Tiempo de lectura":"4 minutos"},"schema":{"@context":"https:\/\/schema.org","@graph":[{"@type":"WebPage","@id":"https:\/\/cesarmauri.com\/es\/","url":"https:\/\/cesarmauri.com\/es\/","name":"C\u00e9sar Mauri - Developer freelance","isPartOf":{"@id":"https:\/\/cesarmauri.com\/es\/#website"},"primaryImageOfPage":{"@id":"https:\/\/cesarmauri.com\/es\/#primaryimage"},"image":{"@id":"https:\/\/cesarmauri.com\/es\/#primaryimage"},"thumbnailUrl":"https:\/\/cesarmauri.com\/wp-content\/uploads\/sites\/2\/squared-cesar-picture.jpg","datePublished":"2021-01-25T10:29:07+00:00","dateModified":"2022-03-23T10:55:09+00:00","description":"Ayudo a tu negocio o equipo a desarrollar una aplicaci\u00f3n web o m\u00f3vil que se adapte a tus necesidades y deleite a tus clientes.","breadcrumb":{"@id":"https:\/\/cesarmauri.com\/es\/#breadcrumb"},"inLanguage":"es","potentialAction":[{"@type":"ReadAction","target":["https:\/\/cesarmauri.com\/es\/"]}]},{"@type":"ImageObject","inLanguage":"es","@id":"https:\/\/cesarmauri.com\/es\/#primaryimage","url":"https:\/\/cesarmauri.com\/wp-content\/uploads\/sites\/2\/squared-cesar-picture.jpg","contentUrl":"https:\/\/cesarmauri.com\/wp-content\/uploads\/sites\/2\/squared-cesar-picture.jpg"},{"@type":"BreadcrumbList","@id":"https:\/\/cesarmauri.com\/es\/#breadcrumb","itemListElement":[{"@type":"ListItem","position":1,"name":"Portada","item":"https:\/\/cesarmauri.com\/es\/"},{"@type":"ListItem","position":2,"name":"Inicio"}]},{"@type":"WebSite","@id":"https:\/\/cesarmauri.com\/es\/#website","url":"https:\/\/cesarmauri.com\/es\/","name":"C\u00e9sar Mauri","description":"Ingeniero de software freelance","potentialAction":[{"@type":"SearchAction","target":{"@type":"EntryPoint","urlTemplate":"https:\/\/cesarmauri.com\/es\/?s={search_term_string}"},"query-input":{"@type":"PropertyValueSpecification","valueRequired":true,"valueName":"search_term_string"}}],"inLanguage":"es"}]}},"_links":{"self":[{"href":"https:\/\/cesarmauri.com\/es\/wp-json\/wp\/v2\/pages\/339","targetHints":{"allow":["GET"]}}],"collection":[{"href":"https:\/\/cesarmauri.com\/es\/wp-json\/wp\/v2\/pages"}],"about":[{"href":"https:\/\/cesarmauri.com\/es\/wp-json\/wp\/v2\/types\/page"}],"author":[{"embeddable":true,"href":"https:\/\/cesarmauri.com\/es\/wp-json\/wp\/v2\/users\/1"}],"replies":[{"embeddable":true,"href":"https:\/\/cesarmauri.com\/es\/wp-json\/wp\/v2\/comments?post=339"}],"version-history":[{"count":18,"href":"https:\/\/cesarmauri.com\/es\/wp-json\/wp\/v2\/pages\/339\/revisions"}],"predecessor-version":[{"id":423,"href":"https:\/\/cesarmauri.com\/es\/wp-json\/wp\/v2\/pages\/339\/revisions\/423"}],"wp:attachment":[{"href":"https:\/\/cesarmauri.com\/es\/wp-json\/wp\/v2\/media?parent=339"}],"curies":[{"name":"wp","href":"https:\/\/api.w.org\/{rel}","templated":true}]}}