{"id":353,"date":"2021-02-01T11:34:28","date_gmt":"2021-02-01T10:34:28","guid":{"rendered":"https:\/\/cesarmauri.com\/es\/?page_id=353"},"modified":"2022-03-23T12:04:25","modified_gmt":"2022-03-23T11:04:25","slug":"sobre-mi","status":"publish","type":"page","link":"https:\/\/cesarmauri.com\/es\/sobre-mi\/","title":{"rendered":"Sobre m\u00ed"},"content":{"rendered":"\n<div class=\"wp-block-columns is-layout-flex wp-container-core-columns-is-layout-9d6595d7 wp-block-columns-is-layout-flex\">\n<div class=\"wp-block-column is-layout-flow wp-block-column-is-layout-flow\">\n<p>\u00bfNecesitas una aplicaci\u00f3n web o m\u00f3vil para tu negocio digital que se adapte a tus necesidades y las de tus clientes?<\/p>\n\n\n\n<p>\u00bfHas invertido tiempo y dinero en un desarrollo, pero sientes que no has obtenido lo que esperabas o que tus clientes no est\u00e1n satisfechos?<\/p>\n<\/div>\n\n\n\n<div class=\"wp-block-column is-layout-flow wp-block-column-is-layout-flow\">\n<p>\u00bfNecesitas a un ingeniero de software con experiencia que se una a tu equipo y le ayude a crecer?<\/p>\n\n\n\n<p class=\"has-medium-font-size\">Hacer las cosas bien desde el principio es la mejor forma de proteger tu inversi\u00f3n a largo plazo.<\/p>\n<\/div>\n<\/div>\n\n\n\n<div style=\"height:100px\" aria-hidden=\"true\" class=\"wp-block-spacer\"><\/div>\n\n\n\n<h2 class=\"wp-block-heading\">Es relativamente f\u00e1cil crear software que funcione, pero es mucho m\u00e1s dif\u00edcil crear software que pueda evolucionar para adaptarse a las circunstancias cambiantes.<\/h2>\n\n\n\n<div style=\"height:100px\" aria-hidden=\"true\" class=\"wp-block-spacer\"><\/div>\n\n\n\n<div class=\"wp-block-columns is-layout-flex wp-container-core-columns-is-layout-9d6595d7 wp-block-columns-is-layout-flex\">\n<div class=\"wp-block-column is-layout-flow wp-block-column-is-layout-flow\">\n<figure class=\"wp-block-image size-large\"><img loading=\"lazy\" decoding=\"async\" width=\"512\" height=\"512\" src=\"https:\/\/cesarmauri.com\/es\/wp-content\/uploads\/foto-cesar-primer-pla.jpg\" alt=\"\" class=\"wp-image-357\" srcset=\"https:\/\/cesarmauri.com\/es\/wp-content\/uploads\/foto-cesar-primer-pla.jpg 512w, https:\/\/cesarmauri.com\/es\/wp-content\/uploads\/foto-cesar-primer-pla-300x300.jpg 300w, https:\/\/cesarmauri.com\/es\/wp-content\/uploads\/foto-cesar-primer-pla-150x150.jpg 150w\" sizes=\"auto, (max-width: 512px) 100vw, 512px\" \/><\/figure>\n<\/div>\n\n\n\n<div class=\"wp-block-column is-layout-flow wp-block-column-is-layout-flow\">\n<p>\u00a1Hola! Soy C\u00e9sar Mauri, ingeniero de software especializado en el desarrollo de aplicaciones web y m\u00f3viles. Me apasiona desarrollar software cuidando la parte t\u00e9cnica, la experiencia de usuario y el trato con el cliente.<\/p>\n\n\n\n<p class=\"has-text-align-center has-medium-font-size\">Estoy aqu\u00ed para ayudarte <br>a desarrollar tu software.<\/p>\n\n\n\n<p>Mi objetivo es que triunfes con tu aplicaci\u00f3n, ya que, en el fondo, tu \u00e9xito ser\u00e1 mi \u00e9xito.<\/p>\n\n\n\n<div class=\"wp-block-button aligncenter has-medium-font-size is-style-default\"><a class=\"wp-block-button__link has-background\" href=\"\/es\/contact\/\" style=\"background-color:#fd385b\">\u00bfHablamos?<\/a><\/div>\n<\/div>\n<\/div>\n\n\n\n<div style=\"height:100px\" aria-hidden=\"true\" class=\"wp-block-spacer\"><\/div>\n\n\n\n<div class=\"wp-block-columns is-layout-flex wp-container-core-columns-is-layout-9d6595d7 wp-block-columns-is-layout-flex\">\n<div class=\"wp-block-column is-layout-flow wp-block-column-is-layout-flow\" style=\"flex-basis:33.33%\">\n<h2 class=\"wp-block-heading\">Ingeniero de software especializado en aplicaciones web y m\u00f3viles<\/h2>\n<\/div>\n\n\n\n<div class=\"wp-block-column is-layout-flow wp-block-column-is-layout-flow\" style=\"flex-basis:66.66%\">\n<p>Mis servicios van dirigidos a clientes que tienen claro lo que quieren para su negocio y est\u00e1n convencidos de la importancia de ofrecer productos y servicios de calidad.<\/p>\n\n\n\n<p>Me atraen los proyectos que donde exista una componente de innovaci\u00f3n, ya que eso me ayuda a crecer profesionalmente. Siempre me han gustado los retos, adaptarme a los cambios y estar aprendiendo constantemente.<\/p>\n\n\n\n<p>Desarrollar una app requiere un esfuerzo considerable. No es algo que pueda hacerse en par de d\u00edas. Empezaremos hablando de tu negocio, de tus clientes, de tu equipo, del punto en que te encuentras en este momento para ver c\u00f3mo puedo ayudarte.<\/p>\n\n\n\n<p>Un proyecto puede alargarse varias semanas o meses, incluso a\u00f1os. Por ello una comunicaci\u00f3n fluida es esencial. Hablar\u00e1s directamente conmigo, sin intermediarios. Esteremos en contacto regularmente para que puedas ir validando como avanza el trabajo y estar seguros en todo momento de que estamos alineados.<\/p>\n\n\n\n<p>Tambi\u00e9n me puedo unir a tu equipo y poner a vuestra disposici\u00f3n toda mi experiencia. Adem\u00e1s de desarrollar software, estar\u00e9 encantado de prestar apoyo tanto a la hora de tomar decisiones estrat\u00e9gicas como de ayudar en los retos del d\u00eda a d\u00eda.<\/p>\n\n\n\n<p>Si tu visi\u00f3n es a largo plazo y tienes claro lo que quieres conseguir con tu App, nos entenderemos a la perfecci\u00f3n.<\/p>\n<\/div>\n<\/div>\n\n\n\n<div style=\"height:100px\" aria-hidden=\"true\" class=\"wp-block-spacer\"><\/div>\n\n\n\n<h2 class=\"wp-block-heading\">Tecnolog\u00edas<\/h2>\n\n\n\n<p>Durante mi carrera profesional he empleado numerosas tecnolog\u00edas que incluyen C, C++, Java, Kotlin, PHP, Laravel, Python, SQL, .NET, Django, HTML, CSS, JavaScript, TypeScript, Angular, Spring Boot, visi\u00f3n artificial, entre otras. En la actualidad me centro en el desarrollo de aplicaciones web y m\u00f3viles.<\/p>\n\n\n\n<div style=\"height:100px\" aria-hidden=\"true\" class=\"wp-block-spacer\"><\/div>\n\n\n\n<div class=\"wp-block-columns is-layout-flex wp-container-core-columns-is-layout-9d6595d7 wp-block-columns-is-layout-flex\">\n<div class=\"wp-block-column is-layout-flow wp-block-column-is-layout-flow\" style=\"flex-basis:33.33%\">\n<h2 class=\"wp-block-heading\">Premios<\/h2>\n\n\n\n<p>Estos son algunos de los reconocimientos recibidos por mi trabajo y contribuci\u00f3n a la accesibilidad a la tecnolog\u00eda.<\/p>\n<\/div>\n\n\n\n<div class=\"wp-block-column is-layout-flow wp-block-column-is-layout-flow\" style=\"flex-basis:66.66%\">\n<ul class=\"wp-block-list\" id=\"block-3c2cb6e9-9e5a-48d8-8645-13796ac531e1\"><li>II Convocatoria \u201cEmprende+Discapacidad 2020\u201d de la Fundaci\u00f3n Konecta (2020)<\/li><li>3\u00aa edici\u00f3n del Premio Ideas Innovadoras Isabel P. Trabal de la Fundaci\u00f3n Caja de Ingenieros (2020)<\/li><li>Nominado a los GSMA Glomo Awards 2017 (Mobile World Congress)<\/li><li>Design for All Foundation, international award \u201cBest practice 2016\u201d<\/li><li>Acc\u00e9sit VI Premio Vodafone a la Innovaci\u00f3n en Telecomunicaciones. 2012<\/li><li>Acc\u00e9sit III Premio Anna-Bonomi Talita. 2008<\/li><li>Premi Acc\u00e9s 2007, categor\u00eda investigaci\u00f3n. Fundaci\u00f3n Salas.<\/li><li>\u201cPremio a la excelencia en innovaci\u00f3n tecnol\u00f3gica 2004\u201d &#8211; Colegio Oficial de Ingenieros T\u00e9cnicos de Telecomunicaci\u00f3n de Catalunya (COETTC)<\/li><\/ul>\n<\/div>\n<\/div>\n\n\n\n<div style=\"height:100px\" aria-hidden=\"true\" class=\"wp-block-spacer\"><\/div>\n\n\n\n<h2 class=\"wp-block-heading\">Algunas cosas m\u00e1s sobre m\u00ed<\/h2>\n\n\n\n<div class=\"wp-block-columns is-layout-flex wp-container-core-columns-is-layout-9d6595d7 wp-block-columns-is-layout-flex\">\n<div class=\"wp-block-column is-layout-flow wp-block-column-is-layout-flow\">\n<ul class=\"wp-block-list\"><li>Vivo con mi mujer y mi hijo en Constant\u00ed, junto a la ciudad de Tarragona, aunque nac\u00ed y me crie en Flix, el pueblo por donde el Ebro pasa dos veces.<\/li><li>Finalic\u00e9 la carrera de ingenier\u00eda inform\u00e1tica obteniendo el Premio Extraordinario de Final Estudios. Llegu\u00e9 a defender mi tesis doctoral, aunque no he ejercido como investigador. Siempre he preferido escribir c\u00f3digo a escribir <em>papers<\/em>.<\/li><li>Mi trabajo me ha llevado a aparecer en varias ocasiones en prensa, radio y TV. Tambi\u00e9n he dado presentaciones, conferencias, charlas y talleres frente a distintos p\u00fablicos.<\/li><li>Durante muchos a\u00f1os he dedicado mis esfuerzos a desarrollar herramientas para personas con grandes discapacidades f\u00edsicas. He trabajado para clientes como ASPACE, la Generalitat de Catalu\u00f1a, la Junta de Andaluc\u00eda o la Fundaci\u00f3n Vodafone.<\/li><li>Uno de mis trabajos inspir\u00f3 un proyecto europeo de 1,1\u202fM\u20ac de presupuesto. Se llam\u00f3 Gameabling.<\/li><\/ul>\n<\/div>\n\n\n\n<div class=\"wp-block-column is-layout-flow wp-block-column-is-layout-flow\">\n<ul class=\"wp-block-list\"><li>Fund\u00e9 mi primera empresa en 2003. M\u00e1s recientemente he creado mi propia startup, Ease Apps, centrada en la accesibilidad f\u00edsica para dispositivos m\u00f3viles. Mis proyectos Enable Viacam y EVA Facial Mouse son un referente en el sector.<\/li><li>Durante m\u00e1s de un lustro coordin\u00e9 un grupo de trabajo para potenciar el uso de la tecnolog\u00eda en m\u00e1s de 50 entidades de par\u00e1lisis cerebral en Espa\u00f1a. Tuve la suerte de contar con un grupo de profesionales excepcionales de varias disciplinas junto con los cuales conseguimos unos magn\u00edficos resultados.<\/li><li>He sido profesor asociado en la Universidad Rovira i Virgili donde he dado clases de programaci\u00f3n, interacci\u00f3n persona-ordenador, y algoritmos y estructuras de datos.<\/li><li>Siempre trato de estar aprendiendo algo nuevo. No es solo porque sea algo esencial en mi profesi\u00f3n, tambi\u00e9n por curiosidad. Ahora estoy aprendiendo marketing, creaci\u00f3n de negocios, inversi\u00f3n en valor y finanzas.<\/li><\/ul>\n\n\n\n<p><\/p>\n<\/div>\n<\/div>\n\n\n\n<div style=\"height:100px\" aria-hidden=\"true\" class=\"wp-block-spacer\"><\/div>\n\n\n\n<h2 class=\"has-text-align-center wp-block-heading\">Tu aplicaci\u00f3n web o m\u00f3vil de la mano de un ingeniero<br>con experiencia m\u00e1s all\u00e1 del software<\/h2>\n\n\n\n<div class=\"wp-block-button aligncenter has-medium-font-size is-style-default\"><a class=\"wp-block-button__link has-background\" href=\"\/es\/contact\/\" style=\"background-color:#fd385b\">Cu\u00e9ntame tu proyecto<\/a><\/div>\n\n\n\n<div style=\"height:100px\" aria-hidden=\"true\" class=\"wp-block-spacer\"><\/div>\n","protected":false},"excerpt":{"rendered":"<p>\u00bfNecesitas una aplicaci\u00f3n web o m\u00f3vil para tu negocio digital que se adapte a tus necesidades y las de tus clientes? \u00bfHas invertido tiempo y dinero en un desarrollo, pero sientes que no has obtenido lo que esperabas o que tus clientes no est\u00e1n satisfechos? \u00bfNecesitas a un ingeniero de software con experiencia que se &#8230; <a title=\"Sobre m\u00ed\" class=\"read-more\" href=\"https:\/\/cesarmauri.com\/es\/sobre-mi\/\" aria-label=\"Leer m\u00e1s sobre Sobre m\u00ed\">Leer m\u00e1s<\/a><\/p>\n","protected":false},"author":1,"featured_media":0,"parent":0,"menu_order":0,"comment_status":"closed","ping_status":"closed","template":"","meta":{"footnotes":""},"class_list":["post-353","page","type-page","status-publish"],"featured_image_src":null,"yoast_head":"<!-- This site is optimized with the Yoast SEO plugin v27.1.1 - https:\/\/yoast.com\/product\/yoast-seo-wordpress\/ -->\n<title>Sobre m\u00ed - C\u00e9sar Mauri<\/title>\n<meta name=\"description\" content=\"\u00bfNecesitas una aplicaci\u00f3n web o m\u00f3vil para tu negocio digital que se adapte a tus necesidades y las de tus clientes?\" \/>\n<meta name=\"robots\" content=\"index, follow, max-snippet:-1, max-image-preview:large, max-video-preview:-1\" \/>\n<link rel=\"canonical\" href=\"https:\/\/cesarmauri.com\/es\/sobre-mi\/\" \/>\n<meta property=\"og:locale\" content=\"es_ES\" \/>\n<meta property=\"og:type\" content=\"article\" \/>\n<meta property=\"og:title\" content=\"Sobre m\u00ed - C\u00e9sar Mauri\" \/>\n<meta property=\"og:description\" content=\"\u00bfNecesitas una aplicaci\u00f3n web o m\u00f3vil para tu negocio digital que se adapte a tus necesidades y las de tus clientes?\" \/>\n<meta property=\"og:url\" content=\"https:\/\/cesarmauri.com\/es\/sobre-mi\/\" \/>\n<meta property=\"og:site_name\" content=\"C\u00e9sar Mauri\" \/>\n<meta property=\"article:modified_time\" content=\"2022-03-23T11:04:25+00:00\" \/>\n<meta property=\"og:image\" content=\"https:\/\/cesarmauri.com\/es\/wp-content\/uploads\/foto-cesar-primer-pla.jpg\" \/>\n<meta name=\"twitter:card\" content=\"summary_large_image\" \/>\n<meta name=\"twitter:label1\" content=\"Tiempo de lectura\" \/>\n\t<meta name=\"twitter:data1\" content=\"5 minutos\" \/>\n<script type=\"application\/ld+json\" class=\"yoast-schema-graph\">{\"@context\":\"https:\/\/schema.org\",\"@graph\":[{\"@type\":\"WebPage\",\"@id\":\"https:\/\/cesarmauri.com\/es\/sobre-mi\/\",\"url\":\"https:\/\/cesarmauri.com\/es\/sobre-mi\/\",\"name\":\"Sobre m\u00ed - C\u00e9sar Mauri\",\"isPartOf\":{\"@id\":\"https:\/\/cesarmauri.com\/es\/#website\"},\"primaryImageOfPage\":{\"@id\":\"https:\/\/cesarmauri.com\/es\/sobre-mi\/#primaryimage\"},\"image\":{\"@id\":\"https:\/\/cesarmauri.com\/es\/sobre-mi\/#primaryimage\"},\"thumbnailUrl\":\"https:\/\/cesarmauri.com\/es\/wp-content\/uploads\/foto-cesar-primer-pla.jpg\",\"datePublished\":\"2021-02-01T10:34:28+00:00\",\"dateModified\":\"2022-03-23T11:04:25+00:00\",\"description\":\"\u00bfNecesitas una aplicaci\u00f3n web o m\u00f3vil para tu negocio digital que se adapte a tus necesidades y las de tus clientes?\",\"breadcrumb\":{\"@id\":\"https:\/\/cesarmauri.com\/es\/sobre-mi\/#breadcrumb\"},\"inLanguage\":\"es\",\"potentialAction\":[{\"@type\":\"ReadAction\",\"target\":[\"https:\/\/cesarmauri.com\/es\/sobre-mi\/\"]}]},{\"@type\":\"ImageObject\",\"inLanguage\":\"es\",\"@id\":\"https:\/\/cesarmauri.com\/es\/sobre-mi\/#primaryimage\",\"url\":\"https:\/\/cesarmauri.com\/es\/wp-content\/uploads\/foto-cesar-primer-pla.jpg\",\"contentUrl\":\"https:\/\/cesarmauri.com\/es\/wp-content\/uploads\/foto-cesar-primer-pla.jpg\",\"width\":512,\"height\":512},{\"@type\":\"BreadcrumbList\",\"@id\":\"https:\/\/cesarmauri.com\/es\/sobre-mi\/#breadcrumb\",\"itemListElement\":[{\"@type\":\"ListItem\",\"position\":1,\"name\":\"Portada\",\"item\":\"https:\/\/cesarmauri.com\/es\/\"},{\"@type\":\"ListItem\",\"position\":2,\"name\":\"Sobre m\u00ed\"}]},{\"@type\":\"WebSite\",\"@id\":\"https:\/\/cesarmauri.com\/es\/#website\",\"url\":\"https:\/\/cesarmauri.com\/es\/\",\"name\":\"C\u00e9sar Mauri\",\"description\":\"Ingeniero de software freelance\",\"potentialAction\":[{\"@type\":\"SearchAction\",\"target\":{\"@type\":\"EntryPoint\",\"urlTemplate\":\"https:\/\/cesarmauri.com\/es\/?s={search_term_string}\"},\"query-input\":{\"@type\":\"PropertyValueSpecification\",\"valueRequired\":true,\"valueName\":\"search_term_string\"}}],\"inLanguage\":\"es\"}]}<\/script>\n<!-- \/ Yoast SEO plugin. -->","yoast_head_json":{"title":"Sobre m\u00ed - C\u00e9sar Mauri","description":"\u00bfNecesitas una aplicaci\u00f3n web o m\u00f3vil para tu negocio digital que se adapte a tus necesidades y las de tus clientes?","robots":{"index":"index","follow":"follow","max-snippet":"max-snippet:-1","max-image-preview":"max-image-preview:large","max-video-preview":"max-video-preview:-1"},"canonical":"https:\/\/cesarmauri.com\/es\/sobre-mi\/","og_locale":"es_ES","og_type":"article","og_title":"Sobre m\u00ed - C\u00e9sar Mauri","og_description":"\u00bfNecesitas una aplicaci\u00f3n web o m\u00f3vil para tu negocio digital que se adapte a tus necesidades y las de tus clientes?","og_url":"https:\/\/cesarmauri.com\/es\/sobre-mi\/","og_site_name":"C\u00e9sar Mauri","article_modified_time":"2022-03-23T11:04:25+00:00","og_image":[{"url":"https:\/\/cesarmauri.com\/es\/wp-content\/uploads\/foto-cesar-primer-pla.jpg","type":"","width":"","height":""}],"twitter_card":"summary_large_image","twitter_misc":{"Tiempo de lectura":"5 minutos"},"schema":{"@context":"https:\/\/schema.org","@graph":[{"@type":"WebPage","@id":"https:\/\/cesarmauri.com\/es\/sobre-mi\/","url":"https:\/\/cesarmauri.com\/es\/sobre-mi\/","name":"Sobre m\u00ed - C\u00e9sar Mauri","isPartOf":{"@id":"https:\/\/cesarmauri.com\/es\/#website"},"primaryImageOfPage":{"@id":"https:\/\/cesarmauri.com\/es\/sobre-mi\/#primaryimage"},"image":{"@id":"https:\/\/cesarmauri.com\/es\/sobre-mi\/#primaryimage"},"thumbnailUrl":"https:\/\/cesarmauri.com\/es\/wp-content\/uploads\/foto-cesar-primer-pla.jpg","datePublished":"2021-02-01T10:34:28+00:00","dateModified":"2022-03-23T11:04:25+00:00","description":"\u00bfNecesitas una aplicaci\u00f3n web o m\u00f3vil para tu negocio digital que se adapte a tus necesidades y las de tus clientes?","breadcrumb":{"@id":"https:\/\/cesarmauri.com\/es\/sobre-mi\/#breadcrumb"},"inLanguage":"es","potentialAction":[{"@type":"ReadAction","target":["https:\/\/cesarmauri.com\/es\/sobre-mi\/"]}]},{"@type":"ImageObject","inLanguage":"es","@id":"https:\/\/cesarmauri.com\/es\/sobre-mi\/#primaryimage","url":"https:\/\/cesarmauri.com\/es\/wp-content\/uploads\/foto-cesar-primer-pla.jpg","contentUrl":"https:\/\/cesarmauri.com\/es\/wp-content\/uploads\/foto-cesar-primer-pla.jpg","width":512,"height":512},{"@type":"BreadcrumbList","@id":"https:\/\/cesarmauri.com\/es\/sobre-mi\/#breadcrumb","itemListElement":[{"@type":"ListItem","position":1,"name":"Portada","item":"https:\/\/cesarmauri.com\/es\/"},{"@type":"ListItem","position":2,"name":"Sobre m\u00ed"}]},{"@type":"WebSite","@id":"https:\/\/cesarmauri.com\/es\/#website","url":"https:\/\/cesarmauri.com\/es\/","name":"C\u00e9sar Mauri","description":"Ingeniero de software freelance","potentialAction":[{"@type":"SearchAction","target":{"@type":"EntryPoint","urlTemplate":"https:\/\/cesarmauri.com\/es\/?s={search_term_string}"},"query-input":{"@type":"PropertyValueSpecification","valueRequired":true,"valueName":"search_term_string"}}],"inLanguage":"es"}]}},"_links":{"self":[{"href":"https:\/\/cesarmauri.com\/es\/wp-json\/wp\/v2\/pages\/353","targetHints":{"allow":["GET"]}}],"collection":[{"href":"https:\/\/cesarmauri.com\/es\/wp-json\/wp\/v2\/pages"}],"about":[{"href":"https:\/\/cesarmauri.com\/es\/wp-json\/wp\/v2\/types\/page"}],"author":[{"embeddable":true,"href":"https:\/\/cesarmauri.com\/es\/wp-json\/wp\/v2\/users\/1"}],"replies":[{"embeddable":true,"href":"https:\/\/cesarmauri.com\/es\/wp-json\/wp\/v2\/comments?post=353"}],"version-history":[{"count":35,"href":"https:\/\/cesarmauri.com\/es\/wp-json\/wp\/v2\/pages\/353\/revisions"}],"predecessor-version":[{"id":425,"href":"https:\/\/cesarmauri.com\/es\/wp-json\/wp\/v2\/pages\/353\/revisions\/425"}],"wp:attachment":[{"href":"https:\/\/cesarmauri.com\/es\/wp-json\/wp\/v2\/media?parent=353"}],"curies":[{"name":"wp","href":"https:\/\/api.w.org\/{rel}","templated":true}]}}