{"id":393,"date":"2021-02-04T10:01:51","date_gmt":"2021-02-04T09:01:51","guid":{"rendered":"https:\/\/cesarmauri.com\/es\/?page_id=393"},"modified":"2025-05-25T11:30:49","modified_gmt":"2025-05-25T09:30:49","slug":"blog","status":"publish","type":"page","link":"https:\/\/cesarmauri.com\/es\/blog\/","title":{"rendered":"Blog"},"content":{"rendered":"\n<div class=\"wp-block-query is-layout-flow wp-block-query-is-layout-flow\"><ul class=\"wp-block-post-template is-layout-flow wp-block-post-template-is-layout-flow\"><li class=\"wp-block-post post-541 post type-post status-publish format-standard has-post-thumbnail hentry category-uncategorized\">\n<h2 class=\"wp-block-post-title\"><a href=\"https:\/\/cesarmauri.com\/es\/blog\/2026\/03\/26\/como-priorizar-mejoras-sin-perder-ritmo-de-releases\/\" target=\"_self\" >C\u00f3mo priorizar mejoras sin perder ritmo de releases<\/a><\/h2>\n\n<div class=\"wp-block-post-date\"><time datetime=\"2026-03-26T09:18:05+01:00\">26\/03\/2026<\/time><\/div>\n\n\n<div class=\"wp-block-columns is-layout-flex wp-container-core-columns-is-layout-9d6595d7 wp-block-columns-is-layout-flex\">\n<div class=\"wp-block-column is-layout-flow wp-block-column-is-layout-flow\" style=\"flex-basis:100%\"><div class=\"wp-block-post-excerpt\"><p class=\"wp-block-post-excerpt__excerpt\">Uno de los dilemas m\u00e1s recurrentes en cualquier equipo t\u00e9cnico: tienes problemas acumulados, mejoras pendientes y, al mismo tiempo, compromisos de entrega que no pueden esperar. Si priorizas mal, el coste aparece r\u00e1pido: O paras el producto para \u201carreglarlo todo\u201d (y nunca terminas), o sigues empujando features mientras el sistema se degrada hasta que cada&hellip; <\/p><\/div><\/div>\n<\/div>\n\n<\/li><li class=\"wp-block-post post-538 post type-post status-publish format-standard hentry category-uncategorized\">\n<h2 class=\"wp-block-post-title\"><a href=\"https:\/\/cesarmauri.com\/es\/blog\/2026\/03\/05\/de-freelance-a-cto-fraccional-lo-que-tres-startups-me-ensenaron-sobre-liderazgo-tecnico\/\" target=\"_self\" >De freelance a CTO fraccional: lo que tres startups me ense\u00f1aron sobre liderazgo t\u00e9cnico<\/a><\/h2>\n\n<div class=\"wp-block-post-date\"><time datetime=\"2026-03-05T09:00:38+01:00\">05\/03\/2026<\/time><\/div>\n\n\n<div class=\"wp-block-columns is-layout-flex wp-container-core-columns-is-layout-9d6595d7 wp-block-columns-is-layout-flex\">\n<div class=\"wp-block-column is-layout-flow wp-block-column-is-layout-flow\" style=\"flex-basis:100%\"><div class=\"wp-block-post-excerpt\"><p class=\"wp-block-post-excerpt__excerpt\">Durante a\u00f1os trabaj\u00e9 como desarrollador freelance.Constru\u00eda productos, resolv\u00eda problemas t\u00e9cnicos y entregaba funcionalidades. Pero hubo tres startups que cambiaron mi forma de entender mi rol. No fue una transici\u00f3n planificada.Fue una evoluci\u00f3n forzada por errores, decisiones dif\u00edciles y contexto real. 1. Startup A: cuando el problema no era el c\u00f3digo Entr\u00e9 como desarrollador Android. Ya&hellip; <\/p><\/div><\/div>\n<\/div>\n\n<\/li><li class=\"wp-block-post post-527 post type-post status-publish format-standard has-post-thumbnail hentry category-uncategorized\">\n<h2 class=\"wp-block-post-title\"><a href=\"https:\/\/cesarmauri.com\/es\/blog\/2026\/02\/12\/como-detectar-deuda-tecnica-antes-de-que-te-bloquee\/\" target=\"_self\" >C\u00f3mo detectar deuda t\u00e9cnica antes de que te bloquee<\/a><\/h2>\n\n<div class=\"wp-block-post-date\"><time datetime=\"2026-02-12T09:07:39+01:00\">12\/02\/2026<\/time><\/div>\n\n\n<div class=\"wp-block-columns is-layout-flex wp-container-core-columns-is-layout-9d6595d7 wp-block-columns-is-layout-flex\">\n<div class=\"wp-block-column is-layout-flow wp-block-column-is-layout-flow\" style=\"flex-basis:100%\"><div class=\"wp-block-post-excerpt\"><p class=\"wp-block-post-excerpt__excerpt\">A diferencia de las tarjetas de cr\u00e9dito o los pr\u00e9stamos personales, la deuda t\u00e9cnica no aparece en ning\u00fan extracto bancario. No hay una cifra clara, no hay alertas autom\u00e1ticas y, muchas veces, no hay ni siquiera consciencia de que existe\u2026 hasta que empieza a doler. En el mejor de los casos, esa deuda se asume&hellip; <\/p><\/div><\/div>\n<\/div>\n\n<\/li><li class=\"wp-block-post post-520 post type-post status-publish format-standard has-post-thumbnail hentry category-uncategorized\">\n<h2 class=\"wp-block-post-title\"><a href=\"https:\/\/cesarmauri.com\/es\/blog\/2026\/01\/21\/tu-aplicacion-crece-pero-los-problemas-crecen-mas-rapido\/\" target=\"_self\" >\u00bfTu aplicaci\u00f3n crece, pero los problemas crecen m\u00e1s r\u00e1pido?<\/a><\/h2>\n\n<div class=\"wp-block-post-date\"><time datetime=\"2026-01-21T14:58:44+01:00\">21\/01\/2026<\/time><\/div>\n\n\n<div class=\"wp-block-columns is-layout-flex wp-container-core-columns-is-layout-9d6595d7 wp-block-columns-is-layout-flex\">\n<div class=\"wp-block-column is-layout-flow wp-block-column-is-layout-flow\" style=\"flex-basis:100%\"><div class=\"wp-block-post-excerpt\"><p class=\"wp-block-post-excerpt__excerpt\">Auditar una aplicaci\u00f3n no siempre significa pasar meses analizando cada l\u00ednea de c\u00f3digo. A veces, lo que se necesita es una Auditor\u00eda Express: un diagn\u00f3stico claro, accionable y priorizado para saber d\u00f3nde atacar primero. Este es el proceso que sigo para identificar qu\u00e9 est\u00e1 frenando un proyecto: 1. La escucha activa (El contexto) Todo empieza&hellip; <\/p><\/div><\/div>\n<\/div>\n\n<\/li><li class=\"wp-block-post post-516 post type-post status-publish format-standard hentry category-uncategorized\">\n<h2 class=\"wp-block-post-title\"><a href=\"https:\/\/cesarmauri.com\/es\/blog\/2026\/01\/07\/que-significa-ser-un-desarrollador-movil-que-tambien-piensa-como-cto\/\" target=\"_self\" >Qu\u00e9 significa ser un desarrollador m\u00f3vil que tambi\u00e9n piensa como CTO<\/a><\/h2>\n\n<div class=\"wp-block-post-date\"><time datetime=\"2026-01-07T17:01:50+01:00\">07\/01\/2026<\/time><\/div>\n\n\n<div class=\"wp-block-columns is-layout-flex wp-container-core-columns-is-layout-9d6595d7 wp-block-columns-is-layout-flex\">\n<div class=\"wp-block-column is-layout-flow wp-block-column-is-layout-flow\" style=\"flex-basis:100%\"><div class=\"wp-block-post-excerpt\"><p class=\"wp-block-post-excerpt__excerpt\">Una decisi\u00f3n de 10 minutos que casi cuesta un proyecto Hace tiempo, un cliente me pidi\u00f3 ayuda para desbloquear el desarrollo de una aplicaci\u00f3n m\u00f3vil. El problema radicaba en la persistencia de datos: la app deb\u00eda permitir recopilar inspecciones en zonas sin cobertura, lo que obligaba a almacenarlas temporalmente en el dispositivo. Inicialmente, se opt\u00f3&hellip; <\/p><\/div><\/div>\n<\/div>\n\n<\/li><li class=\"wp-block-post post-504 post type-post status-publish format-standard has-post-thumbnail hentry category-uncategorized\">\n<h2 class=\"wp-block-post-title\"><a href=\"https:\/\/cesarmauri.com\/es\/blog\/2025\/06\/03\/la-ia-esta-escribiendo-tu-codigo-puedes-leerlo\/\" target=\"_self\" >La IA Est\u00e1 Escribiendo tu C\u00f3digo: \u00bfPuedes Leerlo?<\/a><\/h2>\n\n<div class=\"wp-block-post-date\"><time datetime=\"2025-06-03T09:56:41+02:00\">03\/06\/2025<\/time><\/div>\n\n\n<div class=\"wp-block-columns is-layout-flex wp-container-core-columns-is-layout-9d6595d7 wp-block-columns-is-layout-flex\">\n<div class=\"wp-block-column is-layout-flow wp-block-column-is-layout-flow\" style=\"flex-basis:100%\"><div class=\"wp-block-post-excerpt\"><p class=\"wp-block-post-excerpt__excerpt\">Seamos honestos: no nos gusta leer c\u00f3digo tanto como nos gusta escribirlo. Se hace pesado y es m\u00e1s emocionante crear algo desde cero que desentra\u00f1ar la l\u00f3gica que ha creado otra persona o por una IA. La legibilidad del c\u00f3digo siempre ha sido importante. El principio es bien conocido: el c\u00f3digo se escribe una vez,&hellip; <\/p><\/div><\/div>\n<\/div>\n\n<\/li><li class=\"wp-block-post post-449 post type-post status-publish format-standard hentry category-casos-de-exito\">\n<h2 class=\"wp-block-post-title\"><a href=\"https:\/\/cesarmauri.com\/es\/blog\/2025\/05\/24\/transformar-incertidumbre-en-entrega-caso-real-con-una-empresa-del-ibex-35\/\" target=\"_self\" >Transformar incertidumbre en entrega: caso real con una empresa del IBEX 35<\/a><\/h2>\n\n<div class=\"wp-block-post-date\"><time datetime=\"2025-05-24T12:25:12+02:00\">24\/05\/2025<\/time><\/div>\n\n\n<div class=\"wp-block-columns is-layout-flex wp-container-core-columns-is-layout-9d6595d7 wp-block-columns-is-layout-flex\">\n<div class=\"wp-block-column is-layout-flow wp-block-column-is-layout-flow\" style=\"flex-basis:100%\"><div class=\"wp-block-post-excerpt\"><p class=\"wp-block-post-excerpt__excerpt\">A continuaci\u00f3n te presento un caso en el que ayud\u00e9 a una consultora espa\u00f1ola a reconducir un proyecto de desarrollo de software que estaba descarrilado, permiti\u00e9ndole cumplir con solvencia los compromisos adquiridos con su cliente. Es un ejemplo en el que la aplicaci\u00f3n de buenas pr\u00e1cticas y una visi\u00f3n pragm\u00e1tica fueron claves para el \u00e9xito. <\/p><\/div><\/div>\n<\/div>\n\n<\/li><li class=\"wp-block-post post-500 post type-post status-publish format-standard hentry category-uncategorized\">\n<h2 class=\"wp-block-post-title\"><a href=\"https:\/\/cesarmauri.com\/es\/blog\/2025\/05\/13\/firebase-sin-humo-lecciones-reales-de-usar-serverless-en-produccion\/\" target=\"_self\" >Firebase sin humo: lecciones reales de usar serverless en producci\u00f3n<\/a><\/h2>\n\n<div class=\"wp-block-post-date\"><time datetime=\"2025-05-13T11:25:19+02:00\">13\/05\/2025<\/time><\/div>\n\n\n<div class=\"wp-block-columns is-layout-flex wp-container-core-columns-is-layout-9d6595d7 wp-block-columns-is-layout-flex\">\n<div class=\"wp-block-column is-layout-flow wp-block-column-is-layout-flow\" style=\"flex-basis:100%\"><div class=\"wp-block-post-excerpt\"><p class=\"wp-block-post-excerpt__excerpt\">En un proyecto reciente para una startup en etapa temprana, me toc\u00f3 ir m\u00e1s all\u00e1 del desarrollo m\u00f3vil y asumir el desarrollo backend con Firebase. Stack actual: Lo interesante del proceso:Venir del mundo frontend me dio herramientas que pude aplicar directamente: Adem\u00e1s, la IA fue un gran copiloto: Este proyecto fue un recordatorio de que&hellip; <\/p><\/div><\/div>\n<\/div>\n\n<\/li><li class=\"wp-block-post post-498 post type-post status-publish format-standard hentry category-uncategorized\">\n<h2 class=\"wp-block-post-title\"><a href=\"https:\/\/cesarmauri.com\/es\/blog\/2025\/05\/08\/por-que-la-deuda-tecnica-supera-a-la-financiera\/\" target=\"_self\" >Por Qu\u00e9 la Deuda T\u00e9cnica Supera a la Financiera<\/a><\/h2>\n\n<div class=\"wp-block-post-date\"><time datetime=\"2025-05-08T11:23:51+02:00\">08\/05\/2025<\/time><\/div>\n\n\n<div class=\"wp-block-columns is-layout-flex wp-container-core-columns-is-layout-9d6595d7 wp-block-columns-is-layout-flex\">\n<div class=\"wp-block-column is-layout-flow wp-block-column-is-layout-flow\" style=\"flex-basis:100%\"><div class=\"wp-block-post-excerpt\"><p class=\"wp-block-post-excerpt__excerpt\">La deuda t\u00e9cnica es peor que la financiera (y m\u00e1s f\u00e1cil de adquirir) Si pides dinero al banco o usas tu tarjeta de cr\u00e9dito, sabes (deber\u00edas) cu\u00e1ndo tendr\u00e1s que devolverlo. Pero con la deuda t\u00e9cnica, no. No sabes cu\u00e1ndo vas a tener que pagarla. A veces es ma\u00f1ana. A veces dentro de a\u00f1os.Y eso la&hellip; <\/p><\/div><\/div>\n<\/div>\n\n<\/li><li class=\"wp-block-post post-496 post type-post status-publish format-standard hentry category-uncategorized\">\n<h2 class=\"wp-block-post-title\"><a href=\"https:\/\/cesarmauri.com\/es\/blog\/2025\/05\/06\/ia-gratis-para-todos-mis-favoritas-y-como-las-uso\/\" target=\"_self\" >IA gratis para todos: mis favoritas y c\u00f3mo las uso<\/a><\/h2>\n\n<div class=\"wp-block-post-date\"><time datetime=\"2025-05-06T11:17:36+02:00\">06\/05\/2025<\/time><\/div>\n\n\n<div class=\"wp-block-columns is-layout-flex wp-container-core-columns-is-layout-9d6595d7 wp-block-columns-is-layout-flex\">\n<div class=\"wp-block-column is-layout-flow wp-block-column-is-layout-flow\" style=\"flex-basis:100%\"><div class=\"wp-block-post-excerpt\"><p class=\"wp-block-post-excerpt__excerpt\">Trabajar como ingeniero de software freelance implica mucho m\u00e1s que programar:&nbsp;Propuestas, reuniones, tareas administrativas, marketing, creaci\u00f3n de contenido\u2026 y todo lo que se te ocurra. Aunque uso intensivamente la IA para programar, tambi\u00e9n me apoyo en otras herramientas para esas tareas m\u00e1s perif\u00e9ricas, pero igual de importantes. Aqu\u00ed van las que m\u00e1s utilizo hoy por&hellip; <\/p><\/div><\/div>\n<\/div>\n\n<\/li><\/ul>\n\n<nav class=\"wp-block-query-pagination is-layout-flex wp-block-query-pagination-is-layout-flex\" aria-label=\"Paginaci\u00f3n\">\n\n\n<div class=\"wp-block-query-pagination-numbers\"><span aria-current=\"page\" class=\"page-numbers current\">1<\/span>\n<a class=\"page-numbers\" href=\"?query-19-page=2\">2<\/a>\n<a class=\"page-numbers\" href=\"?query-19-page=3\">3<\/a><\/div>\n\n<a href=\"\/es\/wp-json\/wp\/v2\/pages\/393?query-19-page=2\" class=\"wp-block-query-pagination-next\">P\u00e1gina siguiente<\/a>\n<\/nav>\n\n<\/div>\n\n\n\n<div class=\"wp-block-buttons is-layout-flex wp-block-buttons-is-layout-flex\">\n<div class=\"wp-block-button\"><a class=\"wp-block-button__link wp-element-button\" href=\"https:\/\/cesarmauri.com\/en\/blog\/\">Blog en ingl\u00e9s<\/a><\/div>\n<\/div>\n","protected":false},"excerpt":{"rendered":"","protected":false},"author":1,"featured_media":0,"parent":0,"menu_order":0,"comment_status":"closed","ping_status":"closed","template":"","meta":{"footnotes":""},"class_list":["post-393","page","type-page","status-publish"],"featured_image_src":null,"yoast_head":"<!-- This site is optimized with the Yoast SEO plugin v27.1.1 - https:\/\/yoast.com\/product\/yoast-seo-wordpress\/ -->\n<title>Blog - C\u00e9sar Mauri<\/title>\n<meta name=\"robots\" content=\"index, follow, max-snippet:-1, max-image-preview:large, max-video-preview:-1\" \/>\n<link rel=\"canonical\" href=\"https:\/\/cesarmauri.com\/es\/blog\/\" \/>\n<link rel=\"next\" href=\"https:\/\/cesarmauri.com\/es\/blog\/393?query-19-page=2\" \/>\n<meta property=\"og:locale\" content=\"es_ES\" \/>\n<meta property=\"og:type\" content=\"article\" \/>\n<meta property=\"og:title\" content=\"Blog - C\u00e9sar Mauri\" \/>\n<meta property=\"og:url\" content=\"https:\/\/cesarmauri.com\/es\/blog\/\" \/>\n<meta property=\"og:site_name\" content=\"C\u00e9sar Mauri\" \/>\n<meta property=\"article:modified_time\" content=\"2025-05-25T09:30:49+00:00\" \/>\n<meta name=\"twitter:card\" content=\"summary_large_image\" \/>\n<meta name=\"twitter:label1\" content=\"Tiempo de lectura\" \/>\n\t<meta name=\"twitter:data1\" content=\"1 minuto\" \/>\n<script type=\"application\/ld+json\" class=\"yoast-schema-graph\">{\"@context\":\"https:\/\/schema.org\",\"@graph\":[{\"@type\":\"WebPage\",\"@id\":\"https:\/\/cesarmauri.com\/es\/blog\/\",\"url\":\"https:\/\/cesarmauri.com\/es\/blog\/\",\"name\":\"Blog - C\u00e9sar Mauri\",\"isPartOf\":{\"@id\":\"https:\/\/cesarmauri.com\/es\/#website\"},\"datePublished\":\"2021-02-04T09:01:51+00:00\",\"dateModified\":\"2025-05-25T09:30:49+00:00\",\"breadcrumb\":{\"@id\":\"https:\/\/cesarmauri.com\/es\/blog\/#breadcrumb\"},\"inLanguage\":\"es\",\"potentialAction\":[{\"@type\":\"ReadAction\",\"target\":[\"https:\/\/cesarmauri.com\/es\/blog\/\"]}]},{\"@type\":\"BreadcrumbList\",\"@id\":\"https:\/\/cesarmauri.com\/es\/blog\/#breadcrumb\",\"itemListElement\":[{\"@type\":\"ListItem\",\"position\":1,\"name\":\"Portada\",\"item\":\"https:\/\/cesarmauri.com\/es\/\"},{\"@type\":\"ListItem\",\"position\":2,\"name\":\"Blog\"}]},{\"@type\":\"WebSite\",\"@id\":\"https:\/\/cesarmauri.com\/es\/#website\",\"url\":\"https:\/\/cesarmauri.com\/es\/\",\"name\":\"C\u00e9sar Mauri\",\"description\":\"Ingeniero de software freelance\",\"potentialAction\":[{\"@type\":\"SearchAction\",\"target\":{\"@type\":\"EntryPoint\",\"urlTemplate\":\"https:\/\/cesarmauri.com\/es\/?s={search_term_string}\"},\"query-input\":{\"@type\":\"PropertyValueSpecification\",\"valueRequired\":true,\"valueName\":\"search_term_string\"}}],\"inLanguage\":\"es\"}]}<\/script>\n<!-- \/ Yoast SEO plugin. -->","yoast_head_json":{"title":"Blog - C\u00e9sar Mauri","robots":{"index":"index","follow":"follow","max-snippet":"max-snippet:-1","max-image-preview":"max-image-preview:large","max-video-preview":"max-video-preview:-1"},"canonical":"https:\/\/cesarmauri.com\/es\/blog\/","next":"https:\/\/cesarmauri.com\/es\/blog\/393?query-19-page=2","og_locale":"es_ES","og_type":"article","og_title":"Blog - C\u00e9sar Mauri","og_url":"https:\/\/cesarmauri.com\/es\/blog\/","og_site_name":"C\u00e9sar Mauri","article_modified_time":"2025-05-25T09:30:49+00:00","twitter_card":"summary_large_image","twitter_misc":{"Tiempo de lectura":"1 minuto"},"schema":{"@context":"https:\/\/schema.org","@graph":[{"@type":"WebPage","@id":"https:\/\/cesarmauri.com\/es\/blog\/","url":"https:\/\/cesarmauri.com\/es\/blog\/","name":"Blog - C\u00e9sar Mauri","isPartOf":{"@id":"https:\/\/cesarmauri.com\/es\/#website"},"datePublished":"2021-02-04T09:01:51+00:00","dateModified":"2025-05-25T09:30:49+00:00","breadcrumb":{"@id":"https:\/\/cesarmauri.com\/es\/blog\/#breadcrumb"},"inLanguage":"es","potentialAction":[{"@type":"ReadAction","target":["https:\/\/cesarmauri.com\/es\/blog\/"]}]},{"@type":"BreadcrumbList","@id":"https:\/\/cesarmauri.com\/es\/blog\/#breadcrumb","itemListElement":[{"@type":"ListItem","position":1,"name":"Portada","item":"https:\/\/cesarmauri.com\/es\/"},{"@type":"ListItem","position":2,"name":"Blog"}]},{"@type":"WebSite","@id":"https:\/\/cesarmauri.com\/es\/#website","url":"https:\/\/cesarmauri.com\/es\/","name":"C\u00e9sar Mauri","description":"Ingeniero de software freelance","potentialAction":[{"@type":"SearchAction","target":{"@type":"EntryPoint","urlTemplate":"https:\/\/cesarmauri.com\/es\/?s={search_term_string}"},"query-input":{"@type":"PropertyValueSpecification","valueRequired":true,"valueName":"search_term_string"}}],"inLanguage":"es"}]}},"_links":{"self":[{"href":"https:\/\/cesarmauri.com\/es\/wp-json\/wp\/v2\/pages\/393","targetHints":{"allow":["GET"]}}],"collection":[{"href":"https:\/\/cesarmauri.com\/es\/wp-json\/wp\/v2\/pages"}],"about":[{"href":"https:\/\/cesarmauri.com\/es\/wp-json\/wp\/v2\/types\/page"}],"author":[{"embeddable":true,"href":"https:\/\/cesarmauri.com\/es\/wp-json\/wp\/v2\/users\/1"}],"replies":[{"embeddable":true,"href":"https:\/\/cesarmauri.com\/es\/wp-json\/wp\/v2\/comments?post=393"}],"version-history":[{"count":12,"href":"https:\/\/cesarmauri.com\/es\/wp-json\/wp\/v2\/pages\/393\/revisions"}],"predecessor-version":[{"id":502,"href":"https:\/\/cesarmauri.com\/es\/wp-json\/wp\/v2\/pages\/393\/revisions\/502"}],"wp:attachment":[{"href":"https:\/\/cesarmauri.com\/es\/wp-json\/wp\/v2\/media?parent=393"}],"curies":[{"name":"wp","href":"https:\/\/api.w.org\/{rel}","templated":true}]}}