{"id":536,"date":"2026-03-02T09:27:19","date_gmt":"2026-03-02T08:27:19","guid":{"rendered":"https:\/\/cesarmauri.com\/es\/?page_id=536"},"modified":"2026-03-02T09:27:19","modified_gmt":"2026-03-02T08:27:19","slug":"solicitud-recibida-en-revision","status":"publish","type":"page","link":"https:\/\/cesarmauri.com\/es\/solicitud-recibida-en-revision\/","title":{"rendered":"Solicitud recibida. En revisi\u00f3n."},"content":{"rendered":"\n<p>Tu reserva est\u00e1 pendiente de confirmaci\u00f3n.<\/p>\n\n\n\n<p>Reviso personalmente cada solicitud y recibir\u00e1s una respuesta en menos de 24h.<\/p>\n\n\n\n<p>Si encajamos, la sesi\u00f3n quedar\u00e1 confirmada autom\u00e1ticamente en tu calendario.<\/p>\n\n\n\n<p>Gracias por tu inter\u00e9s.<\/p>\n","protected":false},"excerpt":{"rendered":"<p>Tu reserva est\u00e1 pendiente de confirmaci\u00f3n. Reviso personalmente cada solicitud y recibir\u00e1s una respuesta en menos de 24h. Si encajamos, la sesi\u00f3n quedar\u00e1 confirmada autom\u00e1ticamente en tu calendario. Gracias por tu inter\u00e9s.<\/p>\n","protected":false},"author":1,"featured_media":0,"parent":0,"menu_order":0,"comment_status":"closed","ping_status":"closed","template":"","meta":{"footnotes":""},"class_list":["post-536","page","type-page","status-publish"],"featured_image_src":null,"yoast_head":"<!-- This site is optimized with the Yoast SEO plugin v27.1.1 - https:\/\/yoast.com\/product\/yoast-seo-wordpress\/ -->\n<title>Solicitud recibida. En revisi\u00f3n. - C\u00e9sar Mauri<\/title>\n<meta name=\"robots\" content=\"index, follow, max-snippet:-1, max-image-preview:large, max-video-preview:-1\" \/>\n<link rel=\"canonical\" href=\"https:\/\/cesarmauri.com\/es\/solicitud-recibida-en-revision\/\" \/>\n<meta property=\"og:locale\" content=\"es_ES\" \/>\n<meta property=\"og:type\" content=\"article\" \/>\n<meta property=\"og:title\" content=\"Solicitud recibida. En revisi\u00f3n. - C\u00e9sar Mauri\" \/>\n<meta property=\"og:description\" content=\"Tu reserva est\u00e1 pendiente de confirmaci\u00f3n. Reviso personalmente cada solicitud y recibir\u00e1s una respuesta en menos de 24h. Si encajamos, la sesi\u00f3n quedar\u00e1 confirmada autom\u00e1ticamente en tu calendario. Gracias por tu inter\u00e9s.\" \/>\n<meta property=\"og:url\" content=\"https:\/\/cesarmauri.com\/es\/solicitud-recibida-en-revision\/\" \/>\n<meta property=\"og:site_name\" content=\"C\u00e9sar Mauri\" \/>\n<meta name=\"twitter:card\" content=\"summary_large_image\" \/>\n<meta name=\"twitter:label1\" content=\"Tiempo de lectura\" \/>\n\t<meta name=\"twitter:data1\" content=\"1 minuto\" \/>\n<script type=\"application\/ld+json\" class=\"yoast-schema-graph\">{\"@context\":\"https:\/\/schema.org\",\"@graph\":[{\"@type\":\"WebPage\",\"@id\":\"https:\/\/cesarmauri.com\/es\/solicitud-recibida-en-revision\/\",\"url\":\"https:\/\/cesarmauri.com\/es\/solicitud-recibida-en-revision\/\",\"name\":\"Solicitud recibida. En revisi\u00f3n. - C\u00e9sar Mauri\",\"isPartOf\":{\"@id\":\"https:\/\/cesarmauri.com\/es\/#website\"},\"datePublished\":\"2026-03-02T08:27:19+00:00\",\"breadcrumb\":{\"@id\":\"https:\/\/cesarmauri.com\/es\/solicitud-recibida-en-revision\/#breadcrumb\"},\"inLanguage\":\"es\",\"potentialAction\":[{\"@type\":\"ReadAction\",\"target\":[\"https:\/\/cesarmauri.com\/es\/solicitud-recibida-en-revision\/\"]}]},{\"@type\":\"BreadcrumbList\",\"@id\":\"https:\/\/cesarmauri.com\/es\/solicitud-recibida-en-revision\/#breadcrumb\",\"itemListElement\":[{\"@type\":\"ListItem\",\"position\":1,\"name\":\"Portada\",\"item\":\"https:\/\/cesarmauri.com\/es\/\"},{\"@type\":\"ListItem\",\"position\":2,\"name\":\"Solicitud recibida. En revisi\u00f3n.\"}]},{\"@type\":\"WebSite\",\"@id\":\"https:\/\/cesarmauri.com\/es\/#website\",\"url\":\"https:\/\/cesarmauri.com\/es\/\",\"name\":\"C\u00e9sar Mauri\",\"description\":\"Ingeniero de software freelance\",\"potentialAction\":[{\"@type\":\"SearchAction\",\"target\":{\"@type\":\"EntryPoint\",\"urlTemplate\":\"https:\/\/cesarmauri.com\/es\/?s={search_term_string}\"},\"query-input\":{\"@type\":\"PropertyValueSpecification\",\"valueRequired\":true,\"valueName\":\"search_term_string\"}}],\"inLanguage\":\"es\"}]}<\/script>\n<!-- \/ Yoast SEO plugin. -->","yoast_head_json":{"title":"Solicitud recibida. En revisi\u00f3n. - C\u00e9sar Mauri","robots":{"index":"index","follow":"follow","max-snippet":"max-snippet:-1","max-image-preview":"max-image-preview:large","max-video-preview":"max-video-preview:-1"},"canonical":"https:\/\/cesarmauri.com\/es\/solicitud-recibida-en-revision\/","og_locale":"es_ES","og_type":"article","og_title":"Solicitud recibida. En revisi\u00f3n. - C\u00e9sar Mauri","og_description":"Tu reserva est\u00e1 pendiente de confirmaci\u00f3n. Reviso personalmente cada solicitud y recibir\u00e1s una respuesta en menos de 24h. Si encajamos, la sesi\u00f3n quedar\u00e1 confirmada autom\u00e1ticamente en tu calendario. Gracias por tu inter\u00e9s.","og_url":"https:\/\/cesarmauri.com\/es\/solicitud-recibida-en-revision\/","og_site_name":"C\u00e9sar Mauri","twitter_card":"summary_large_image","twitter_misc":{"Tiempo de lectura":"1 minuto"},"schema":{"@context":"https:\/\/schema.org","@graph":[{"@type":"WebPage","@id":"https:\/\/cesarmauri.com\/es\/solicitud-recibida-en-revision\/","url":"https:\/\/cesarmauri.com\/es\/solicitud-recibida-en-revision\/","name":"Solicitud recibida. En revisi\u00f3n. - C\u00e9sar Mauri","isPartOf":{"@id":"https:\/\/cesarmauri.com\/es\/#website"},"datePublished":"2026-03-02T08:27:19+00:00","breadcrumb":{"@id":"https:\/\/cesarmauri.com\/es\/solicitud-recibida-en-revision\/#breadcrumb"},"inLanguage":"es","potentialAction":[{"@type":"ReadAction","target":["https:\/\/cesarmauri.com\/es\/solicitud-recibida-en-revision\/"]}]},{"@type":"BreadcrumbList","@id":"https:\/\/cesarmauri.com\/es\/solicitud-recibida-en-revision\/#breadcrumb","itemListElement":[{"@type":"ListItem","position":1,"name":"Portada","item":"https:\/\/cesarmauri.com\/es\/"},{"@type":"ListItem","position":2,"name":"Solicitud recibida. En revisi\u00f3n."}]},{"@type":"WebSite","@id":"https:\/\/cesarmauri.com\/es\/#website","url":"https:\/\/cesarmauri.com\/es\/","name":"C\u00e9sar Mauri","description":"Ingeniero de software freelance","potentialAction":[{"@type":"SearchAction","target":{"@type":"EntryPoint","urlTemplate":"https:\/\/cesarmauri.com\/es\/?s={search_term_string}"},"query-input":{"@type":"PropertyValueSpecification","valueRequired":true,"valueName":"search_term_string"}}],"inLanguage":"es"}]}},"_links":{"self":[{"href":"https:\/\/cesarmauri.com\/es\/wp-json\/wp\/v2\/pages\/536","targetHints":{"allow":["GET"]}}],"collection":[{"href":"https:\/\/cesarmauri.com\/es\/wp-json\/wp\/v2\/pages"}],"about":[{"href":"https:\/\/cesarmauri.com\/es\/wp-json\/wp\/v2\/types\/page"}],"author":[{"embeddable":true,"href":"https:\/\/cesarmauri.com\/es\/wp-json\/wp\/v2\/users\/1"}],"replies":[{"embeddable":true,"href":"https:\/\/cesarmauri.com\/es\/wp-json\/wp\/v2\/comments?post=536"}],"version-history":[{"count":1,"href":"https:\/\/cesarmauri.com\/es\/wp-json\/wp\/v2\/pages\/536\/revisions"}],"predecessor-version":[{"id":537,"href":"https:\/\/cesarmauri.com\/es\/wp-json\/wp\/v2\/pages\/536\/revisions\/537"}],"wp:attachment":[{"href":"https:\/\/cesarmauri.com\/es\/wp-json\/wp\/v2\/media?parent=536"}],"curies":[{"name":"wp","href":"https:\/\/api.w.org\/{rel}","templated":true}]}}